{"id":10055,"date":"2025-07-31T12:55:31","date_gmt":"2025-07-31T10:55:31","guid":{"rendered":"https:\/\/kns.dk\/skills\/"},"modified":"2026-01-20T08:24:42","modified_gmt":"2026-01-20T07:24:42","slug":"skills","status":"publish","type":"page","link":"https:\/\/kns.dk\/en\/skills\/","title":{"rendered":"Skills"},"content":{"rendered":"\t\t<div data-elementor-type=\"wp-page\" data-elementor-id=\"10055\" class=\"elementor elementor-10055 elementor-9634\" data-elementor-post-type=\"page\">\n\t\t\t\t<div class=\"elementor-element elementor-element-c315653 e-con-full no-padding e-flex e-con e-parent\" data-id=\"c315653\" data-element_type=\"container\">\n\t\t\t\t<div class=\"elementor-element elementor-element-73288cbc elementor-widget elementor-widget-template\" data-id=\"73288cbc\" data-element_type=\"widget\" data-widget_type=\"template.default\">\n\t\t\t\t<div class=\"elementor-widget-container\">\n\t\t\t\t\t\t\t<div class=\"elementor-template\">\n\t\t\t\t\t<div data-elementor-type=\"container\" data-elementor-id=\"6563\" class=\"elementor elementor-6563\" data-elementor-post-type=\"elementor_library\">\n\t\t\t\t<div class=\"elementor-element elementor-element-6b499f1f e-con-full no-padding e-flex e-con e-parent\" data-id=\"6b499f1f\" data-element_type=\"container\">\n\t\t\t\t<div class=\"elementor-element elementor-element-1ecbb66 elementor-widget elementor-widget-template\" data-id=\"1ecbb66\" data-element_type=\"widget\" data-widget_type=\"template.default\">\n\t\t\t\t<div class=\"elementor-widget-container\">\n\t\t\t\t\t\t\t<div class=\"elementor-template\">\n\t\t\t\t\t<div data-elementor-type=\"container\" data-elementor-id=\"6542\" class=\"elementor elementor-6542\" data-elementor-post-type=\"elementor_library\">\n\t\t\t\t<div class=\"elementor-element elementor-element-2bc4b5ab white e-flex e-con-boxed e-con e-parent\" data-id=\"2bc4b5ab\" data-element_type=\"container\" data-settings=\"{&quot;background_background&quot;:&quot;classic&quot;}\">\n\t\t\t\t\t<div class=\"e-con-inner\">\n\t\t\t\t<div class=\"elementor-element elementor-element-1d645c29 elementor-icon-list--layout-inline elementor-align-center elementor-list-item-link-full_width elementor-widget elementor-widget-icon-list\" data-id=\"1d645c29\" data-element_type=\"widget\" data-widget_type=\"icon-list.default\">\n\t\t\t\t<div class=\"elementor-widget-container\">\n\t\t\t\t\t\t\t<ul class=\"elementor-icon-list-items elementor-inline-items\">\n\t\t\t\t\t\t\t<li class=\"elementor-icon-list-item elementor-inline-item\">\n\t\t\t\t\t\t\t\t\t\t<span class=\"elementor-icon-list-text\"><a href=\"tel:+45 4447 4411\" aria-label=\"Telefon nummer\">+45 4447 4411<\/a><\/span>\n\t\t\t\t\t\t\t\t\t<\/li>\n\t\t\t\t\t\t\t\t<li class=\"elementor-icon-list-item elementor-inline-item\">\n\t\t\t\t\t\t\t\t\t\t<span class=\"elementor-icon-list-text\"><a href=\"mailto:kns@kns.dk\" aria-label=\"Email adresse\">kns@kns.dk<\/a><\/span>\n\t\t\t\t\t\t\t\t\t<\/li>\n\t\t\t\t\t\t<\/ul>\n\t\t\t\t\t\t<\/div>\n\t\t\t\t<\/div>\n\t\t\t\t\t<\/div>\n\t\t\t\t<\/div>\n\t\t\t\t<\/div>\n\t\t\t\t<\/div>\n\t\t\t\t\t\t<\/div>\n\t\t\t\t<\/div>\n\t\t\t\t<\/div>\n\t\t\t\t<\/div>\n\t\t\t\t<\/div>\n\t\t\t\t\t\t<\/div>\n\t\t\t\t<\/div>\n\t\t\t\t<\/div>\n\t\t<div class=\"elementor-element elementor-element-6af6c983 e-flex e-con-boxed e-con e-parent\" data-id=\"6af6c983\" data-element_type=\"container\">\n\t\t\t\t\t<div class=\"e-con-inner\">\n\t\t<div class=\"elementor-element elementor-element-3f9084a5 e-con-full e-flex e-con e-child\" data-id=\"3f9084a5\" data-element_type=\"container\">\n\t\t\t\t<div class=\"elementor-element elementor-element-17a75f0c elementor-widget elementor-widget-text-editor\" data-id=\"17a75f0c\" data-element_type=\"widget\" data-widget_type=\"text-editor.default\">\n\t\t\t\t<div class=\"elementor-widget-container\">\n\t\t\t\t\t\t\t\t\t<h2 aria-level=\"2\">Flexible production and specialized machining<\/h2><p>Our specialties are CNC turning &amp; milling, static and dynamic balancing, cylindrical grinding, and locksmith work.<\/p><p>Production is arranged so that we can offer both the manufacture of single pieces and larger or smaller series, and we are constantly working to optimize processes to achieve the right price and quality.<\/p><p>Our quality management and control are entirely based on our customers&#8217; needs.<\/p><p>With our extensive experience in machining, welding of structures, and a network of good partners, we often function as a total supplier.<\/p><p>We also manufacture prototypes and undertake advanced special tasks to order.<\/p>\t\t\t\t\t\t\t\t<\/div>\n\t\t\t\t<\/div>\n\t\t\t\t<\/div>\n\t\t<div class=\"elementor-element elementor-element-4f5a8d18 e-con-full no-padding e-flex e-con e-child\" data-id=\"4f5a8d18\" data-element_type=\"container\">\n\t\t\t\t<div class=\"elementor-element elementor-element-cbb1af8 elementor-widget elementor-widget-template\" data-id=\"cbb1af8\" data-element_type=\"widget\" data-widget_type=\"template.default\">\n\t\t\t\t<div class=\"elementor-widget-container\">\n\t\t\t\t\t\t\t<div class=\"elementor-template\">\n\t\t\t\t\t<div data-elementor-type=\"container\" data-elementor-id=\"9596\" class=\"elementor elementor-9596\" data-elementor-post-type=\"elementor_library\">\n\t\t\t\t<div class=\"elementor-element elementor-element-417fc5d7 e-con-full e-flex e-con e-child\" data-id=\"417fc5d7\" data-element_type=\"container\">\n\t\t<div class=\"elementor-element elementor-element-7149a8bf e-con-full accent e-flex e-con e-child\" data-id=\"7149a8bf\" data-element_type=\"container\" data-settings=\"{&quot;background_background&quot;:&quot;classic&quot;}\">\n\t\t\t\t<div class=\"elementor-element elementor-element-514e206f elementor-widget elementor-widget-text-editor\" data-id=\"514e206f\" data-element_type=\"widget\" data-widget_type=\"text-editor.default\">\n\t\t\t\t<div class=\"elementor-widget-container\">\n\t\t\t\t\t\t\t\t\t<h3>Har du sp\u00f8rgsm\u00e5l eller \u00f8nsker du et uforpligtende tilbud?<\/h3><p>Kontakt Kaj Nielsen &#038; S\u00f8n Maskinfabrik A\/S allerede i dag for kompetent sparring og r\u00e5dgivning.<\/p>\t\t\t\t\t\t\t\t<\/div>\n\t\t\t\t<\/div>\n\t\t\t\t<div class=\"elementor-element elementor-element-660c60b2 elementor-widget elementor-widget-shortcode\" data-id=\"660c60b2\" data-element_type=\"widget\" data-widget_type=\"shortcode.default\">\n\t\t\t\t<div class=\"elementor-widget-container\">\n\t\t\t\t\t\t\t<div class=\"elementor-shortcode\"><form id=\"forminator-module-66\" class=\"forminator-custom-form forminator-custom-form-66\" method=\"post\" data-forminator-render=\"0\" data-uid=\"69f1c2ff929cb\"><div role=\"alert\" aria-live=\"polite\" class=\"forminator-response-message forminator-error\" aria-hidden=\"true\"><\/div><\/form><\/div>\n\t\t\t\t\t\t<\/div>\n\t\t\t\t<\/div>\n\t\t\t\t<\/div>\n\t\t\t\t<\/div>\n\t\t\t\t<\/div>\n\t\t\t\t<\/div>\n\t\t\t\t\t\t<\/div>\n\t\t\t\t<\/div>\n\t\t\t\t<\/div>\n\t\t\t\t\t<\/div>\n\t\t\t\t<\/div>\n\t\t<div class=\"elementor-element elementor-element-1d04ea3 light e-flex e-con-boxed e-con e-parent\" data-id=\"1d04ea3\" data-element_type=\"container\">\n\t\t\t\t\t<div class=\"e-con-inner\">\n\t\t<div class=\"elementor-element elementor-element-b7ad26c e-con-full e-flex e-con e-child\" data-id=\"b7ad26c\" data-element_type=\"container\">\n\t\t\t\t<div class=\"elementor-element elementor-element-e7835a8 elementor-widget elementor-widget-gallery\" data-id=\"e7835a8\" data-element_type=\"widget\" data-settings=\"{&quot;columns_mobile&quot;:2,&quot;aspect_ratio&quot;:&quot;4:3&quot;,&quot;lazyload&quot;:&quot;yes&quot;,&quot;gallery_layout&quot;:&quot;grid&quot;,&quot;columns&quot;:4,&quot;columns_tablet&quot;:2,&quot;gap&quot;:{&quot;unit&quot;:&quot;px&quot;,&quot;size&quot;:10,&quot;sizes&quot;:[]},&quot;gap_laptop&quot;:{&quot;unit&quot;:&quot;px&quot;,&quot;size&quot;:10,&quot;sizes&quot;:[]},&quot;gap_tablet&quot;:{&quot;unit&quot;:&quot;px&quot;,&quot;size&quot;:10,&quot;sizes&quot;:[]},&quot;gap_mobile&quot;:{&quot;unit&quot;:&quot;px&quot;,&quot;size&quot;:10,&quot;sizes&quot;:[]},&quot;link_to&quot;:&quot;file&quot;,&quot;overlay_background&quot;:&quot;yes&quot;,&quot;content_hover_animation&quot;:&quot;fade-in&quot;}\" data-widget_type=\"gallery.default\">\n\t\t\t\t<div class=\"elementor-widget-container\">\n\t\t\t\t\t\t\t<div class=\"elementor-gallery__container\">\n\t\t\t\t\t\t\t<a class=\"e-gallery-item elementor-gallery-item elementor-animated-content\" href=\"https:\/\/kns.dk\/wp-content\/uploads\/2025\/07\/KNS-Robotcelle_022.jpg\" data-elementor-open-lightbox=\"yes\" data-elementor-lightbox-slideshow=\"e7835a8\" data-e-action-hash=\"#elementor-action%3Aaction%3Dlightbox%26settings%3DeyJpZCI6OTk0NiwidXJsIjoiaHR0cHM6XC9cL2tucy5ka1wvd3AtY29udGVudFwvdXBsb2Fkc1wvMjAyNVwvMDdcL0tOUy1Sb2JvdGNlbGxlXzAyMi5qcGciLCJzbGlkZXNob3ciOiJlNzgzNWE4In0%3D\" data-rel=\"-image-0\" data-rl_title=\"\" data-rl_caption=\"\" title=\"\">\n\t\t\t\t\t<div class=\"e-gallery-image elementor-gallery-item__image\" data-thumbnail=\"https:\/\/kns.dk\/wp-content\/uploads\/2025\/07\/KNS-Robotcelle_022.jpg\" data-width=\"2043\" data-height=\"1239\" aria-label=\"\" role=\"img\" ><\/div>\n\t\t\t\t\t\t\t\t\t\t\t<div class=\"elementor-gallery-item__overlay\"><\/div>\n\t\t\t\t\t\t\t\t\t\t\t\t\t\t<\/a>\n\t\t\t\t\t\t\t<a class=\"e-gallery-item elementor-gallery-item elementor-animated-content\" href=\"https:\/\/kns.dk\/wp-content\/uploads\/2025\/07\/KNS-Kontrolskema.png\" data-elementor-open-lightbox=\"yes\" data-elementor-lightbox-slideshow=\"e7835a8\" data-e-action-hash=\"#elementor-action%3Aaction%3Dlightbox%26settings%3DeyJpZCI6OTk0NywidXJsIjoiaHR0cHM6XC9cL2tucy5ka1wvd3AtY29udGVudFwvdXBsb2Fkc1wvMjAyNVwvMDdcL0tOUy1Lb250cm9sc2tlbWEucG5nIiwic2xpZGVzaG93IjoiZTc4MzVhOCJ9\" data-rel=\"-image-1\" data-rl_title=\"\" data-rl_caption=\"\" title=\"\">\n\t\t\t\t\t<div class=\"e-gallery-image elementor-gallery-item__image\" data-thumbnail=\"https:\/\/kns.dk\/wp-content\/uploads\/2025\/07\/KNS-Kontrolskema.png\" data-width=\"750\" data-height=\"562\" aria-label=\"\" role=\"img\" ><\/div>\n\t\t\t\t\t\t\t\t\t\t\t<div class=\"elementor-gallery-item__overlay\"><\/div>\n\t\t\t\t\t\t\t\t\t\t\t\t\t\t<\/a>\n\t\t\t\t\t\t\t<a class=\"e-gallery-item elementor-gallery-item elementor-animated-content\" href=\"https:\/\/kns.dk\/wp-content\/uploads\/2025\/07\/KNS-Dokumentation.png\" data-elementor-open-lightbox=\"yes\" data-elementor-lightbox-slideshow=\"e7835a8\" data-e-action-hash=\"#elementor-action%3Aaction%3Dlightbox%26settings%3DeyJpZCI6OTk0OCwidXJsIjoiaHR0cHM6XC9cL2tucy5ka1wvd3AtY29udGVudFwvdXBsb2Fkc1wvMjAyNVwvMDdcL0tOUy1Eb2t1bWVudGF0aW9uLnBuZyIsInNsaWRlc2hvdyI6ImU3ODM1YTgifQ%3D%3D\" data-rel=\"-image-2\" data-rl_title=\"\" data-rl_caption=\"\" title=\"\">\n\t\t\t\t\t<div class=\"e-gallery-image elementor-gallery-item__image\" data-thumbnail=\"https:\/\/kns.dk\/wp-content\/uploads\/2025\/07\/KNS-Dokumentation.png\" data-width=\"750\" data-height=\"562\" aria-label=\"\" role=\"img\" ><\/div>\n\t\t\t\t\t\t\t\t\t\t\t<div class=\"elementor-gallery-item__overlay\"><\/div>\n\t\t\t\t\t\t\t\t\t\t\t\t\t\t<\/a>\n\t\t\t\t\t\t\t<a class=\"e-gallery-item elementor-gallery-item elementor-animated-content\" href=\"https:\/\/kns.dk\/wp-content\/uploads\/2025\/07\/KNS-Robotcelle.png\" data-elementor-open-lightbox=\"yes\" data-elementor-lightbox-slideshow=\"e7835a8\" data-e-action-hash=\"#elementor-action%3Aaction%3Dlightbox%26settings%3DeyJpZCI6OTk0OSwidXJsIjoiaHR0cHM6XC9cL2tucy5ka1wvd3AtY29udGVudFwvdXBsb2Fkc1wvMjAyNVwvMDdcL0tOUy1Sb2JvdGNlbGxlLnBuZyIsInNsaWRlc2hvdyI6ImU3ODM1YTgifQ%3D%3D\" data-rel=\"-image-3\" data-rl_title=\"\" data-rl_caption=\"\" title=\"\">\n\t\t\t\t\t<div class=\"e-gallery-image elementor-gallery-item__image\" data-thumbnail=\"https:\/\/kns.dk\/wp-content\/uploads\/2025\/07\/KNS-Robotcelle.png\" data-width=\"400\" data-height=\"300\" aria-label=\"\" role=\"img\" ><\/div>\n\t\t\t\t\t\t\t\t\t\t\t<div class=\"elementor-gallery-item__overlay\"><\/div>\n\t\t\t\t\t\t\t\t\t\t\t\t\t\t<\/a>\n\t\t\t\t\t<\/div>\n\t\t\t\t\t<\/div>\n\t\t\t\t<\/div>\n\t\t\t\t<\/div>\n\t\t\t\t\t<\/div>\n\t\t\t\t<\/div>\n\t\t\t\t<\/div>\n\t\t","protected":false},"excerpt":{"rendered":"<p>Flexible production and specialized machining Our specialties are CNC turning &amp; milling, static and dynamic balancing, cylindrical grinding, and locksmith work. Production is arranged so that we can offer both the manufacture of single pieces and larger or smaller series, and we are constantly working to optimize processes to achieve the right price and quality. &#8230; <a title=\"Skills\" class=\"read-more\" href=\"https:\/\/kns.dk\/en\/skills\/\" aria-label=\"Read more about Skills\">Read more<\/a><\/p>\n","protected":false},"author":1,"featured_media":9946,"parent":0,"menu_order":0,"comment_status":"closed","ping_status":"closed","template":"","meta":{"_acf_changed":false,"footnotes":""},"categories":[],"class_list":["post-10055","page","type-page","status-publish","has-post-thumbnail"],"acf":[],"yoast_head":"<!-- This site is optimized with the Yoast SEO plugin v27.5 - https:\/\/yoast.com\/product\/yoast-seo-wordpress\/ -->\n<title>SKILLS | KAJ NIELSEN &amp; S\u00d8N MASKINFABRIK A\/S<\/title>\n<meta name=\"description\" content=\"SKILLS | KAJ NIELSEN &amp; S\u00d8N MASKINFABRIK A\/S\" \/>\n<meta name=\"robots\" content=\"index, follow, max-snippet:-1, max-image-preview:large, max-video-preview:-1\" \/>\n<link rel=\"canonical\" href=\"https:\/\/kns.dk\/en\/skills\/\" \/>\n<meta property=\"og:locale\" content=\"en_US\" \/>\n<meta property=\"og:type\" content=\"article\" \/>\n<meta property=\"og:title\" content=\"SKILLS | KAJ NIELSEN &amp; S\u00d8N MASKINFABRIK A\/S\" \/>\n<meta property=\"og:description\" content=\"SKILLS | KAJ NIELSEN &amp; S\u00d8N MASKINFABRIK A\/S\" \/>\n<meta property=\"og:url\" content=\"https:\/\/kns.dk\/en\/skills\/\" \/>\n<meta property=\"og:site_name\" content=\"Kaj Nielsen &amp; S\u00f8n Maskinfabrik A\/S\" \/>\n<meta property=\"article:modified_time\" content=\"2026-01-20T07:24:42+00:00\" \/>\n<meta property=\"og:image\" content=\"https:\/\/kns.dk\/wp-content\/uploads\/2025\/07\/KNS-Robotcelle_022.jpg\" \/>\n\t<meta property=\"og:image:width\" content=\"2043\" \/>\n\t<meta property=\"og:image:height\" content=\"1239\" \/>\n\t<meta property=\"og:image:type\" content=\"image\/jpeg\" \/>\n<meta name=\"twitter:card\" content=\"summary_large_image\" \/>\n<script type=\"application\/ld+json\" class=\"yoast-schema-graph\">{\"@context\":\"https:\\\/\\\/schema.org\",\"@graph\":[{\"@type\":\"WebPage\",\"@id\":\"https:\\\/\\\/kns.dk\\\/en\\\/skills\\\/\",\"url\":\"https:\\\/\\\/kns.dk\\\/en\\\/skills\\\/\",\"name\":\"SKILLS | KAJ NIELSEN & S\u00d8N MASKINFABRIK A\\\/S\",\"isPartOf\":{\"@id\":\"https:\\\/\\\/kns.dk\\\/en\\\/#website\"},\"primaryImageOfPage\":{\"@id\":\"https:\\\/\\\/kns.dk\\\/en\\\/skills\\\/#primaryimage\"},\"image\":{\"@id\":\"https:\\\/\\\/kns.dk\\\/en\\\/skills\\\/#primaryimage\"},\"thumbnailUrl\":\"https:\\\/\\\/kns.dk\\\/wp-content\\\/uploads\\\/2025\\\/07\\\/KNS-Robotcelle_022.jpg\",\"datePublished\":\"2025-07-31T10:55:31+00:00\",\"dateModified\":\"2026-01-20T07:24:42+00:00\",\"description\":\"SKILLS | KAJ NIELSEN & S\u00d8N MASKINFABRIK A\\\/S\",\"breadcrumb\":{\"@id\":\"https:\\\/\\\/kns.dk\\\/en\\\/skills\\\/#breadcrumb\"},\"inLanguage\":\"en-US\",\"potentialAction\":[{\"@type\":\"ReadAction\",\"target\":[\"https:\\\/\\\/kns.dk\\\/en\\\/skills\\\/\"]}]},{\"@type\":\"ImageObject\",\"inLanguage\":\"en-US\",\"@id\":\"https:\\\/\\\/kns.dk\\\/en\\\/skills\\\/#primaryimage\",\"url\":\"https:\\\/\\\/kns.dk\\\/wp-content\\\/uploads\\\/2025\\\/07\\\/KNS-Robotcelle_022.jpg\",\"contentUrl\":\"https:\\\/\\\/kns.dk\\\/wp-content\\\/uploads\\\/2025\\\/07\\\/KNS-Robotcelle_022.jpg\",\"width\":2043,\"height\":1239},{\"@type\":\"BreadcrumbList\",\"@id\":\"https:\\\/\\\/kns.dk\\\/en\\\/skills\\\/#breadcrumb\",\"itemListElement\":[{\"@type\":\"ListItem\",\"position\":1,\"name\":\"Forside\",\"item\":\"https:\\\/\\\/kns.dk\\\/en\\\/front-page\\\/\"},{\"@type\":\"ListItem\",\"position\":2,\"name\":\"Skills\"}]},{\"@type\":\"WebSite\",\"@id\":\"https:\\\/\\\/kns.dk\\\/en\\\/#website\",\"url\":\"https:\\\/\\\/kns.dk\\\/en\\\/\",\"name\":\"Kaj Nielsen &amp; S\u00f8n Maskinfabrik A\\\/S\",\"description\":\"Maskinfabrik med speciall\u00f8sninger \u2013 fra prototyper til f\u00e6rdige units\",\"publisher\":{\"@id\":\"https:\\\/\\\/kns.dk\\\/en\\\/#organization\"},\"potentialAction\":[{\"@type\":\"SearchAction\",\"target\":{\"@type\":\"EntryPoint\",\"urlTemplate\":\"https:\\\/\\\/kns.dk\\\/en\\\/?s={search_term_string}\"},\"query-input\":{\"@type\":\"PropertyValueSpecification\",\"valueRequired\":true,\"valueName\":\"search_term_string\"}}],\"inLanguage\":\"en-US\"},{\"@type\":\"Organization\",\"@id\":\"https:\\\/\\\/kns.dk\\\/en\\\/#organization\",\"name\":\"Kaj Nielsen &amp; S\u00f8n Maskinfabrik A\\\/S\",\"url\":\"https:\\\/\\\/kns.dk\\\/en\\\/\",\"logo\":{\"@type\":\"ImageObject\",\"inLanguage\":\"en-US\",\"@id\":\"https:\\\/\\\/kns.dk\\\/en\\\/#\\\/schema\\\/logo\\\/image\\\/\",\"url\":\"https:\\\/\\\/kns.dk\\\/wp-content\\\/uploads\\\/2025\\\/07\\\/KNS-Logo-med-groen-tekst.png\",\"contentUrl\":\"https:\\\/\\\/kns.dk\\\/wp-content\\\/uploads\\\/2025\\\/07\\\/KNS-Logo-med-groen-tekst.png\",\"width\":996,\"height\":223,\"caption\":\"Kaj Nielsen &amp; S\u00f8n Maskinfabrik A\\\/S\"},\"image\":{\"@id\":\"https:\\\/\\\/kns.dk\\\/en\\\/#\\\/schema\\\/logo\\\/image\\\/\"}}]}<\/script>\n<!-- \/ Yoast SEO plugin. -->","yoast_head_json":{"title":"SKILLS | KAJ NIELSEN & S\u00d8N MASKINFABRIK A\/S","description":"SKILLS | KAJ NIELSEN & S\u00d8N MASKINFABRIK A\/S","robots":{"index":"index","follow":"follow","max-snippet":"max-snippet:-1","max-image-preview":"max-image-preview:large","max-video-preview":"max-video-preview:-1"},"canonical":"https:\/\/kns.dk\/en\/skills\/","og_locale":"en_US","og_type":"article","og_title":"SKILLS | KAJ NIELSEN & S\u00d8N MASKINFABRIK A\/S","og_description":"SKILLS | KAJ NIELSEN & S\u00d8N MASKINFABRIK A\/S","og_url":"https:\/\/kns.dk\/en\/skills\/","og_site_name":"Kaj Nielsen &amp; S\u00f8n Maskinfabrik A\/S","article_modified_time":"2026-01-20T07:24:42+00:00","og_image":[{"width":2043,"height":1239,"url":"https:\/\/kns.dk\/wp-content\/uploads\/2025\/07\/KNS-Robotcelle_022.jpg","type":"image\/jpeg"}],"twitter_card":"summary_large_image","schema":{"@context":"https:\/\/schema.org","@graph":[{"@type":"WebPage","@id":"https:\/\/kns.dk\/en\/skills\/","url":"https:\/\/kns.dk\/en\/skills\/","name":"SKILLS | KAJ NIELSEN & S\u00d8N MASKINFABRIK A\/S","isPartOf":{"@id":"https:\/\/kns.dk\/en\/#website"},"primaryImageOfPage":{"@id":"https:\/\/kns.dk\/en\/skills\/#primaryimage"},"image":{"@id":"https:\/\/kns.dk\/en\/skills\/#primaryimage"},"thumbnailUrl":"https:\/\/kns.dk\/wp-content\/uploads\/2025\/07\/KNS-Robotcelle_022.jpg","datePublished":"2025-07-31T10:55:31+00:00","dateModified":"2026-01-20T07:24:42+00:00","description":"SKILLS | KAJ NIELSEN & S\u00d8N MASKINFABRIK A\/S","breadcrumb":{"@id":"https:\/\/kns.dk\/en\/skills\/#breadcrumb"},"inLanguage":"en-US","potentialAction":[{"@type":"ReadAction","target":["https:\/\/kns.dk\/en\/skills\/"]}]},{"@type":"ImageObject","inLanguage":"en-US","@id":"https:\/\/kns.dk\/en\/skills\/#primaryimage","url":"https:\/\/kns.dk\/wp-content\/uploads\/2025\/07\/KNS-Robotcelle_022.jpg","contentUrl":"https:\/\/kns.dk\/wp-content\/uploads\/2025\/07\/KNS-Robotcelle_022.jpg","width":2043,"height":1239},{"@type":"BreadcrumbList","@id":"https:\/\/kns.dk\/en\/skills\/#breadcrumb","itemListElement":[{"@type":"ListItem","position":1,"name":"Forside","item":"https:\/\/kns.dk\/en\/front-page\/"},{"@type":"ListItem","position":2,"name":"Skills"}]},{"@type":"WebSite","@id":"https:\/\/kns.dk\/en\/#website","url":"https:\/\/kns.dk\/en\/","name":"Kaj Nielsen &amp; S\u00f8n Maskinfabrik A\/S","description":"Maskinfabrik med speciall\u00f8sninger \u2013 fra prototyper til f\u00e6rdige units","publisher":{"@id":"https:\/\/kns.dk\/en\/#organization"},"potentialAction":[{"@type":"SearchAction","target":{"@type":"EntryPoint","urlTemplate":"https:\/\/kns.dk\/en\/?s={search_term_string}"},"query-input":{"@type":"PropertyValueSpecification","valueRequired":true,"valueName":"search_term_string"}}],"inLanguage":"en-US"},{"@type":"Organization","@id":"https:\/\/kns.dk\/en\/#organization","name":"Kaj Nielsen &amp; S\u00f8n Maskinfabrik A\/S","url":"https:\/\/kns.dk\/en\/","logo":{"@type":"ImageObject","inLanguage":"en-US","@id":"https:\/\/kns.dk\/en\/#\/schema\/logo\/image\/","url":"https:\/\/kns.dk\/wp-content\/uploads\/2025\/07\/KNS-Logo-med-groen-tekst.png","contentUrl":"https:\/\/kns.dk\/wp-content\/uploads\/2025\/07\/KNS-Logo-med-groen-tekst.png","width":996,"height":223,"caption":"Kaj Nielsen &amp; S\u00f8n Maskinfabrik A\/S"},"image":{"@id":"https:\/\/kns.dk\/en\/#\/schema\/logo\/image\/"}}]}},"_links":{"self":[{"href":"https:\/\/kns.dk\/en\/wp-json\/wp\/v2\/pages\/10055","targetHints":{"allow":["GET"]}}],"collection":[{"href":"https:\/\/kns.dk\/en\/wp-json\/wp\/v2\/pages"}],"about":[{"href":"https:\/\/kns.dk\/en\/wp-json\/wp\/v2\/types\/page"}],"author":[{"embeddable":true,"href":"https:\/\/kns.dk\/en\/wp-json\/wp\/v2\/users\/1"}],"replies":[{"embeddable":true,"href":"https:\/\/kns.dk\/en\/wp-json\/wp\/v2\/comments?post=10055"}],"version-history":[{"count":1,"href":"https:\/\/kns.dk\/en\/wp-json\/wp\/v2\/pages\/10055\/revisions"}],"predecessor-version":[{"id":10056,"href":"https:\/\/kns.dk\/en\/wp-json\/wp\/v2\/pages\/10055\/revisions\/10056"}],"wp:featuredmedia":[{"embeddable":true,"href":"https:\/\/kns.dk\/en\/wp-json\/wp\/v2\/media\/9946"}],"wp:attachment":[{"href":"https:\/\/kns.dk\/en\/wp-json\/wp\/v2\/media?parent=10055"}],"wp:term":[{"taxonomy":"category","embeddable":true,"href":"https:\/\/kns.dk\/en\/wp-json\/wp\/v2\/categories?post=10055"}],"curies":[{"name":"wp","href":"https:\/\/api.w.org\/{rel}","templated":true}]}}