{"id":10043,"date":"2025-07-31T12:56:51","date_gmt":"2025-07-31T10:56:51","guid":{"rendered":"https:\/\/kns.dk\/machine-list\/cnc-control\/lathes\/"},"modified":"2026-01-20T08:24:12","modified_gmt":"2026-01-20T07:24:12","slug":"lathes","status":"publish","type":"page","link":"https:\/\/kns.dk\/en\/machine-list\/cnc-control\/lathes\/","title":{"rendered":"Lathes"},"content":{"rendered":"\t\t<div data-elementor-type=\"wp-page\" data-elementor-id=\"10043\" class=\"elementor elementor-10043 elementor-9662\" data-elementor-post-type=\"page\">\n\t\t\t\t<div class=\"elementor-element elementor-element-c315653 e-con-full no-padding e-flex e-con e-parent\" data-id=\"c315653\" data-element_type=\"container\">\n\t\t\t\t<div class=\"elementor-element elementor-element-73288cbc elementor-widget elementor-widget-template\" data-id=\"73288cbc\" data-element_type=\"widget\" data-widget_type=\"template.default\">\n\t\t\t\t<div class=\"elementor-widget-container\">\n\t\t\t\t\t\t\t<div class=\"elementor-template\">\n\t\t\t\t\t<div data-elementor-type=\"container\" data-elementor-id=\"6563\" class=\"elementor elementor-6563\" data-elementor-post-type=\"elementor_library\">\n\t\t\t\t<div class=\"elementor-element elementor-element-6b499f1f e-con-full no-padding e-flex e-con e-parent\" data-id=\"6b499f1f\" data-element_type=\"container\">\n\t\t\t\t<div class=\"elementor-element elementor-element-1ecbb66 elementor-widget elementor-widget-template\" data-id=\"1ecbb66\" data-element_type=\"widget\" data-widget_type=\"template.default\">\n\t\t\t\t<div class=\"elementor-widget-container\">\n\t\t\t\t\t\t\t<div class=\"elementor-template\">\n\t\t\t\t\t<div data-elementor-type=\"container\" data-elementor-id=\"6542\" class=\"elementor elementor-6542\" data-elementor-post-type=\"elementor_library\">\n\t\t\t\t<div class=\"elementor-element elementor-element-2bc4b5ab white e-flex e-con-boxed e-con e-parent\" data-id=\"2bc4b5ab\" data-element_type=\"container\" data-settings=\"{&quot;background_background&quot;:&quot;classic&quot;}\">\n\t\t\t\t\t<div class=\"e-con-inner\">\n\t\t\t\t<div class=\"elementor-element elementor-element-1d645c29 elementor-icon-list--layout-inline elementor-align-center elementor-list-item-link-full_width elementor-widget elementor-widget-icon-list\" data-id=\"1d645c29\" data-element_type=\"widget\" data-widget_type=\"icon-list.default\">\n\t\t\t\t<div class=\"elementor-widget-container\">\n\t\t\t\t\t\t\t<ul class=\"elementor-icon-list-items elementor-inline-items\">\n\t\t\t\t\t\t\t<li class=\"elementor-icon-list-item elementor-inline-item\">\n\t\t\t\t\t\t\t\t\t\t<span class=\"elementor-icon-list-text\"><a href=\"tel:+45 4447 4411\" aria-label=\"Telefon nummer\">+45 4447 4411<\/a><\/span>\n\t\t\t\t\t\t\t\t\t<\/li>\n\t\t\t\t\t\t\t\t<li class=\"elementor-icon-list-item elementor-inline-item\">\n\t\t\t\t\t\t\t\t\t\t<span class=\"elementor-icon-list-text\"><a href=\"mailto:kns@kns.dk\" aria-label=\"Email adresse\">kns@kns.dk<\/a><\/span>\n\t\t\t\t\t\t\t\t\t<\/li>\n\t\t\t\t\t\t<\/ul>\n\t\t\t\t\t\t<\/div>\n\t\t\t\t<\/div>\n\t\t\t\t\t<\/div>\n\t\t\t\t<\/div>\n\t\t\t\t<\/div>\n\t\t\t\t<\/div>\n\t\t\t\t\t\t<\/div>\n\t\t\t\t<\/div>\n\t\t\t\t<\/div>\n\t\t\t\t<\/div>\n\t\t\t\t<\/div>\n\t\t\t\t\t\t<\/div>\n\t\t\t\t<\/div>\n\t\t\t\t<\/div>\n\t\t<div class=\"elementor-element elementor-element-6af6c983 e-flex e-con-boxed e-con e-parent\" data-id=\"6af6c983\" data-element_type=\"container\">\n\t\t\t\t\t<div class=\"e-con-inner\">\n\t\t<div class=\"elementor-element elementor-element-3f9084a5 e-con-full e-flex e-con e-child\" data-id=\"3f9084a5\" data-element_type=\"container\">\n\t\t\t\t<div class=\"elementor-element elementor-element-17a75f0c elementor-widget elementor-widget-text-editor\" data-id=\"17a75f0c\" data-element_type=\"widget\" data-widget_type=\"text-editor.default\">\n\t\t\t\t<div class=\"elementor-widget-container\">\n\t\t\t\t\t\t\t\t\t<h2 aria-level=\"2\">Our lathes<\/h2>\t\t\t\t\t\t\t\t<\/div>\n\t\t\t\t<\/div>\n\t\t\t\t<div class=\"elementor-element elementor-element-1ca4473 elementor-widget elementor-widget-html\" data-id=\"1ca4473\" data-element_type=\"widget\" data-widget_type=\"html.default\">\n\t\t\t\t<div class=\"elementor-widget-container\">\n\t\t\t\t\t<table class=\"styring-tabel\">\r\n  <thead>\r\n    <tr>\r\n      <th><strong>Lathes<\/strong><\/th>\r\n      <th><strong>Control<\/strong><\/th>\r\n    <\/tr>\r\n  <\/thead>\r\n  <tbody>\r\n    <tr>\r\n       <td>\r\n OKUMA Multus B300 \u00d8630<br> Spindle bore \u00d8 62\r\n      <\/td>\r\n      <td>OSP P300 S<\/td>\r\n    <\/tr>\r\n    <tr>\r\n       <td>\r\n OKUMA Multus B400 \u00d8 710 x 1500<br> Spindle bore \u00d8 80. With robot cell Motoman ES280N\r\n      <\/td>\r\n      <td>OSP P200 L<\/td>\r\n    <\/tr>\r\n    <tr>\r\n       <td>\r\n OKUMA MacTurn 50 \u00d8 610 x 1500<br> Spindle bore \u00d8 90\r\n      <\/td>\r\n      <td>OSP 7000 L<\/td>\r\n    <\/tr>\r\n    <tr>\r\n       <td>\r\n OKUMA LB-35 \u00d8 490 x 1500, \u00d8 720 X 340<br> Spindle bore \u00d8 78\r\n      <\/td>\r\n      <td>OSP 7000<\/td>\r\n    <\/tr>\r\n    <tr>\r\n      <td>\r\n MORI SEIKI SL5 \u00d8 340 x 1000, \u00d8 600 x 200<br> Spindle bore with hydr. centering chuck \u00d8 60<br> Spindle bore with manual centering chuck \u00d8 76\r\n      <\/td>\r\n      <td>Fanuc 6T<\/td>\r\n    <\/tr>\r\n    <tr>\r\n      <td>\r\n MORI SEIKI SL3 \u00d8 200 x 560<br> Spindle bore with hydr. centering chuck \u00d8 38.5\r\n      <\/td>\r\n      <td>Fanuc 6T<\/td>\r\n    <\/tr>\r\n    <tr>\r\n       <td>\r\n ECOCA EL 5120 E<br> Turning length 2000 mm<br> Swing over bed \u00d8 510<br> Swing over cross slide \u00d8 300<br> Spindle bore \u00d8 82\r\n      <\/td>\r\n      <td>\r\n Mitsubishi<br> Teach-in<br> Meldas 520AL\r\n      <\/td> \r\n    <\/tr>\r\n  <\/tbody>\r\n<\/table>\r\n<style>\r\n    .styring-tabel {\r\n  width: 100%;\r\n  border-collapse: collapse;\r\n}\r\n\r\n.styring-tabel thead {\r\n  text-align: left;\r\n  background-color: var(--light);\r\n}\r\n\r\n.styring-tabel th,\r\n.styring-tabel td {\r\n  padding: 8px;\r\n  vertical-align: top;\r\n  border-bottom: 1px solid #ddd;\r\n}\r\n\r\n<\/style>\t\t\t\t<\/div>\n\t\t\t\t<\/div>\n\t\t\t\t<\/div>\n\t\t<div class=\"elementor-element elementor-element-4f5a8d18 e-con-full no-padding e-flex e-con e-child\" data-id=\"4f5a8d18\" data-element_type=\"container\">\n\t\t\t\t<div class=\"elementor-element elementor-element-cbb1af8 elementor-widget elementor-widget-template\" data-id=\"cbb1af8\" data-element_type=\"widget\" data-widget_type=\"template.default\">\n\t\t\t\t<div class=\"elementor-widget-container\">\n\t\t\t\t\t\t\t<div class=\"elementor-template\">\n\t\t\t\t\t<div data-elementor-type=\"container\" data-elementor-id=\"9596\" class=\"elementor elementor-9596\" data-elementor-post-type=\"elementor_library\">\n\t\t\t\t<div class=\"elementor-element elementor-element-417fc5d7 e-con-full e-flex e-con e-child\" data-id=\"417fc5d7\" data-element_type=\"container\">\n\t\t<div class=\"elementor-element elementor-element-7149a8bf e-con-full accent e-flex e-con e-child\" data-id=\"7149a8bf\" data-element_type=\"container\" data-settings=\"{&quot;background_background&quot;:&quot;classic&quot;}\">\n\t\t\t\t<div class=\"elementor-element elementor-element-514e206f elementor-widget elementor-widget-text-editor\" data-id=\"514e206f\" data-element_type=\"widget\" data-widget_type=\"text-editor.default\">\n\t\t\t\t<div class=\"elementor-widget-container\">\n\t\t\t\t\t\t\t\t\t<h3>Har du sp\u00f8rgsm\u00e5l eller \u00f8nsker du et uforpligtende tilbud?<\/h3><p>Kontakt Kaj Nielsen &#038; S\u00f8n Maskinfabrik A\/S allerede i dag for kompetent sparring og r\u00e5dgivning.<\/p>\t\t\t\t\t\t\t\t<\/div>\n\t\t\t\t<\/div>\n\t\t\t\t<div class=\"elementor-element elementor-element-660c60b2 elementor-widget elementor-widget-shortcode\" data-id=\"660c60b2\" data-element_type=\"widget\" data-widget_type=\"shortcode.default\">\n\t\t\t\t<div class=\"elementor-widget-container\">\n\t\t\t\t\t\t\t<div class=\"elementor-shortcode\"><form id=\"forminator-module-66\" class=\"forminator-custom-form forminator-custom-form-66\" method=\"post\" data-forminator-render=\"0\" data-uid=\"69f1b9841befe\"><div role=\"alert\" aria-live=\"polite\" class=\"forminator-response-message forminator-error\" aria-hidden=\"true\"><\/div><\/form><\/div>\n\t\t\t\t\t\t<\/div>\n\t\t\t\t<\/div>\n\t\t\t\t<\/div>\n\t\t\t\t<\/div>\n\t\t\t\t<\/div>\n\t\t\t\t<\/div>\n\t\t\t\t\t\t<\/div>\n\t\t\t\t<\/div>\n\t\t\t\t<\/div>\n\t\t\t\t\t<\/div>\n\t\t\t\t<\/div>\n\t\t\t\t<\/div>\n\t\t","protected":false},"excerpt":{"rendered":"<p>Our lathes Lathes Control OKUMA Multus B300 \u00d8630 Spindle bore \u00d8 62 OSP P300 S OKUMA Multus B400 \u00d8 710 x 1500 Spindle bore \u00d8 80. With robot cell Motoman ES280N OSP P200 L OKUMA MacTurn 50 \u00d8 610 x 1500 Spindle bore \u00d8 90 OSP 7000 L OKUMA LB-35 \u00d8 490 x 1500, \u00d8 &#8230; <a title=\"Lathes\" class=\"read-more\" href=\"https:\/\/kns.dk\/en\/machine-list\/cnc-control\/lathes\/\" aria-label=\"Read more about Lathes\">Read more<\/a><\/p>\n","protected":false},"author":1,"featured_media":9994,"parent":10033,"menu_order":0,"comment_status":"closed","ping_status":"closed","template":"","meta":{"_acf_changed":false,"footnotes":""},"categories":[],"class_list":["post-10043","page","type-page","status-publish","has-post-thumbnail"],"acf":[],"yoast_head":"<!-- This site is optimized with the Yoast SEO plugin v27.5 - https:\/\/yoast.com\/product\/yoast-seo-wordpress\/ -->\n<title>LATHES | KAJ NIELSEN &amp; S\u00d8N MASKINFABRIK A\/S<\/title>\n<meta name=\"description\" content=\"LATHES | KAJ NIELSEN &amp; S\u00d8N MASKINFABRIK A\/S\" \/>\n<meta name=\"robots\" content=\"index, follow, max-snippet:-1, max-image-preview:large, max-video-preview:-1\" \/>\n<link rel=\"canonical\" href=\"https:\/\/kns.dk\/en\/machine-list\/cnc-control\/lathes\/\" \/>\n<meta property=\"og:locale\" content=\"en_US\" \/>\n<meta property=\"og:type\" content=\"article\" \/>\n<meta property=\"og:title\" content=\"LATHES | KAJ NIELSEN &amp; S\u00d8N MASKINFABRIK A\/S\" \/>\n<meta property=\"og:description\" content=\"LATHES | KAJ NIELSEN &amp; S\u00d8N MASKINFABRIK A\/S\" \/>\n<meta property=\"og:url\" content=\"https:\/\/kns.dk\/en\/machine-list\/cnc-control\/lathes\/\" \/>\n<meta property=\"og:site_name\" content=\"Kaj Nielsen &amp; S\u00f8n Maskinfabrik A\/S\" \/>\n<meta property=\"article:modified_time\" content=\"2026-01-20T07:24:12+00:00\" \/>\n<meta property=\"og:image\" content=\"https:\/\/kns.dk\/wp-content\/uploads\/2025\/07\/KNS-Okuma-Multus-300B-CNC-Drejebaenk_021.jpg\" \/>\n\t<meta property=\"og:image:width\" content=\"1914\" \/>\n\t<meta property=\"og:image:height\" content=\"731\" \/>\n\t<meta property=\"og:image:type\" content=\"image\/jpeg\" \/>\n<meta name=\"twitter:card\" content=\"summary_large_image\" \/>\n<script type=\"application\/ld+json\" class=\"yoast-schema-graph\">{\"@context\":\"https:\\\/\\\/schema.org\",\"@graph\":[{\"@type\":\"WebPage\",\"@id\":\"https:\\\/\\\/kns.dk\\\/en\\\/machine-list\\\/cnc-control\\\/lathes\\\/\",\"url\":\"https:\\\/\\\/kns.dk\\\/en\\\/machine-list\\\/cnc-control\\\/lathes\\\/\",\"name\":\"LATHES | KAJ NIELSEN & S\u00d8N MASKINFABRIK A\\\/S\",\"isPartOf\":{\"@id\":\"https:\\\/\\\/kns.dk\\\/en\\\/#website\"},\"primaryImageOfPage\":{\"@id\":\"https:\\\/\\\/kns.dk\\\/en\\\/machine-list\\\/cnc-control\\\/lathes\\\/#primaryimage\"},\"image\":{\"@id\":\"https:\\\/\\\/kns.dk\\\/en\\\/machine-list\\\/cnc-control\\\/lathes\\\/#primaryimage\"},\"thumbnailUrl\":\"https:\\\/\\\/kns.dk\\\/wp-content\\\/uploads\\\/2025\\\/07\\\/KNS-Okuma-Multus-300B-CNC-Drejebaenk_021.jpg\",\"datePublished\":\"2025-07-31T10:56:51+00:00\",\"dateModified\":\"2026-01-20T07:24:12+00:00\",\"description\":\"LATHES | KAJ NIELSEN & S\u00d8N MASKINFABRIK A\\\/S\",\"breadcrumb\":{\"@id\":\"https:\\\/\\\/kns.dk\\\/en\\\/machine-list\\\/cnc-control\\\/lathes\\\/#breadcrumb\"},\"inLanguage\":\"en-US\",\"potentialAction\":[{\"@type\":\"ReadAction\",\"target\":[\"https:\\\/\\\/kns.dk\\\/en\\\/machine-list\\\/cnc-control\\\/lathes\\\/\"]}]},{\"@type\":\"ImageObject\",\"inLanguage\":\"en-US\",\"@id\":\"https:\\\/\\\/kns.dk\\\/en\\\/machine-list\\\/cnc-control\\\/lathes\\\/#primaryimage\",\"url\":\"https:\\\/\\\/kns.dk\\\/wp-content\\\/uploads\\\/2025\\\/07\\\/KNS-Okuma-Multus-300B-CNC-Drejebaenk_021.jpg\",\"contentUrl\":\"https:\\\/\\\/kns.dk\\\/wp-content\\\/uploads\\\/2025\\\/07\\\/KNS-Okuma-Multus-300B-CNC-Drejebaenk_021.jpg\",\"width\":1914,\"height\":731},{\"@type\":\"BreadcrumbList\",\"@id\":\"https:\\\/\\\/kns.dk\\\/en\\\/machine-list\\\/cnc-control\\\/lathes\\\/#breadcrumb\",\"itemListElement\":[{\"@type\":\"ListItem\",\"position\":1,\"name\":\"Forside\",\"item\":\"https:\\\/\\\/kns.dk\\\/en\\\/front-page\\\/\"},{\"@type\":\"ListItem\",\"position\":2,\"name\":\"Machine list\",\"item\":\"https:\\\/\\\/kns.dk\\\/en\\\/machine-list\\\/\"},{\"@type\":\"ListItem\",\"position\":3,\"name\":\"CNC control\",\"item\":\"https:\\\/\\\/kns.dk\\\/en\\\/machine-list\\\/cnc-control\\\/\"},{\"@type\":\"ListItem\",\"position\":4,\"name\":\"Lathes\"}]},{\"@type\":\"WebSite\",\"@id\":\"https:\\\/\\\/kns.dk\\\/en\\\/#website\",\"url\":\"https:\\\/\\\/kns.dk\\\/en\\\/\",\"name\":\"Kaj Nielsen &amp; S\u00f8n Maskinfabrik A\\\/S\",\"description\":\"Maskinfabrik med speciall\u00f8sninger \u2013 fra prototyper til f\u00e6rdige units\",\"publisher\":{\"@id\":\"https:\\\/\\\/kns.dk\\\/en\\\/#organization\"},\"potentialAction\":[{\"@type\":\"SearchAction\",\"target\":{\"@type\":\"EntryPoint\",\"urlTemplate\":\"https:\\\/\\\/kns.dk\\\/en\\\/?s={search_term_string}\"},\"query-input\":{\"@type\":\"PropertyValueSpecification\",\"valueRequired\":true,\"valueName\":\"search_term_string\"}}],\"inLanguage\":\"en-US\"},{\"@type\":\"Organization\",\"@id\":\"https:\\\/\\\/kns.dk\\\/en\\\/#organization\",\"name\":\"Kaj Nielsen &amp; S\u00f8n Maskinfabrik A\\\/S\",\"url\":\"https:\\\/\\\/kns.dk\\\/en\\\/\",\"logo\":{\"@type\":\"ImageObject\",\"inLanguage\":\"en-US\",\"@id\":\"https:\\\/\\\/kns.dk\\\/en\\\/#\\\/schema\\\/logo\\\/image\\\/\",\"url\":\"https:\\\/\\\/kns.dk\\\/wp-content\\\/uploads\\\/2025\\\/07\\\/KNS-Logo-med-groen-tekst.png\",\"contentUrl\":\"https:\\\/\\\/kns.dk\\\/wp-content\\\/uploads\\\/2025\\\/07\\\/KNS-Logo-med-groen-tekst.png\",\"width\":996,\"height\":223,\"caption\":\"Kaj Nielsen &amp; S\u00f8n Maskinfabrik A\\\/S\"},\"image\":{\"@id\":\"https:\\\/\\\/kns.dk\\\/en\\\/#\\\/schema\\\/logo\\\/image\\\/\"}}]}<\/script>\n<!-- \/ Yoast SEO plugin. -->","yoast_head_json":{"title":"LATHES | KAJ NIELSEN & S\u00d8N MASKINFABRIK A\/S","description":"LATHES | KAJ NIELSEN & S\u00d8N MASKINFABRIK A\/S","robots":{"index":"index","follow":"follow","max-snippet":"max-snippet:-1","max-image-preview":"max-image-preview:large","max-video-preview":"max-video-preview:-1"},"canonical":"https:\/\/kns.dk\/en\/machine-list\/cnc-control\/lathes\/","og_locale":"en_US","og_type":"article","og_title":"LATHES | KAJ NIELSEN & S\u00d8N MASKINFABRIK A\/S","og_description":"LATHES | KAJ NIELSEN & S\u00d8N MASKINFABRIK A\/S","og_url":"https:\/\/kns.dk\/en\/machine-list\/cnc-control\/lathes\/","og_site_name":"Kaj Nielsen &amp; S\u00f8n Maskinfabrik A\/S","article_modified_time":"2026-01-20T07:24:12+00:00","og_image":[{"width":1914,"height":731,"url":"https:\/\/kns.dk\/wp-content\/uploads\/2025\/07\/KNS-Okuma-Multus-300B-CNC-Drejebaenk_021.jpg","type":"image\/jpeg"}],"twitter_card":"summary_large_image","schema":{"@context":"https:\/\/schema.org","@graph":[{"@type":"WebPage","@id":"https:\/\/kns.dk\/en\/machine-list\/cnc-control\/lathes\/","url":"https:\/\/kns.dk\/en\/machine-list\/cnc-control\/lathes\/","name":"LATHES | KAJ NIELSEN & S\u00d8N MASKINFABRIK A\/S","isPartOf":{"@id":"https:\/\/kns.dk\/en\/#website"},"primaryImageOfPage":{"@id":"https:\/\/kns.dk\/en\/machine-list\/cnc-control\/lathes\/#primaryimage"},"image":{"@id":"https:\/\/kns.dk\/en\/machine-list\/cnc-control\/lathes\/#primaryimage"},"thumbnailUrl":"https:\/\/kns.dk\/wp-content\/uploads\/2025\/07\/KNS-Okuma-Multus-300B-CNC-Drejebaenk_021.jpg","datePublished":"2025-07-31T10:56:51+00:00","dateModified":"2026-01-20T07:24:12+00:00","description":"LATHES | KAJ NIELSEN & S\u00d8N MASKINFABRIK A\/S","breadcrumb":{"@id":"https:\/\/kns.dk\/en\/machine-list\/cnc-control\/lathes\/#breadcrumb"},"inLanguage":"en-US","potentialAction":[{"@type":"ReadAction","target":["https:\/\/kns.dk\/en\/machine-list\/cnc-control\/lathes\/"]}]},{"@type":"ImageObject","inLanguage":"en-US","@id":"https:\/\/kns.dk\/en\/machine-list\/cnc-control\/lathes\/#primaryimage","url":"https:\/\/kns.dk\/wp-content\/uploads\/2025\/07\/KNS-Okuma-Multus-300B-CNC-Drejebaenk_021.jpg","contentUrl":"https:\/\/kns.dk\/wp-content\/uploads\/2025\/07\/KNS-Okuma-Multus-300B-CNC-Drejebaenk_021.jpg","width":1914,"height":731},{"@type":"BreadcrumbList","@id":"https:\/\/kns.dk\/en\/machine-list\/cnc-control\/lathes\/#breadcrumb","itemListElement":[{"@type":"ListItem","position":1,"name":"Forside","item":"https:\/\/kns.dk\/en\/front-page\/"},{"@type":"ListItem","position":2,"name":"Machine list","item":"https:\/\/kns.dk\/en\/machine-list\/"},{"@type":"ListItem","position":3,"name":"CNC control","item":"https:\/\/kns.dk\/en\/machine-list\/cnc-control\/"},{"@type":"ListItem","position":4,"name":"Lathes"}]},{"@type":"WebSite","@id":"https:\/\/kns.dk\/en\/#website","url":"https:\/\/kns.dk\/en\/","name":"Kaj Nielsen &amp; S\u00f8n Maskinfabrik A\/S","description":"Maskinfabrik med speciall\u00f8sninger \u2013 fra prototyper til f\u00e6rdige units","publisher":{"@id":"https:\/\/kns.dk\/en\/#organization"},"potentialAction":[{"@type":"SearchAction","target":{"@type":"EntryPoint","urlTemplate":"https:\/\/kns.dk\/en\/?s={search_term_string}"},"query-input":{"@type":"PropertyValueSpecification","valueRequired":true,"valueName":"search_term_string"}}],"inLanguage":"en-US"},{"@type":"Organization","@id":"https:\/\/kns.dk\/en\/#organization","name":"Kaj Nielsen &amp; S\u00f8n Maskinfabrik A\/S","url":"https:\/\/kns.dk\/en\/","logo":{"@type":"ImageObject","inLanguage":"en-US","@id":"https:\/\/kns.dk\/en\/#\/schema\/logo\/image\/","url":"https:\/\/kns.dk\/wp-content\/uploads\/2025\/07\/KNS-Logo-med-groen-tekst.png","contentUrl":"https:\/\/kns.dk\/wp-content\/uploads\/2025\/07\/KNS-Logo-med-groen-tekst.png","width":996,"height":223,"caption":"Kaj Nielsen &amp; S\u00f8n Maskinfabrik A\/S"},"image":{"@id":"https:\/\/kns.dk\/en\/#\/schema\/logo\/image\/"}}]}},"_links":{"self":[{"href":"https:\/\/kns.dk\/en\/wp-json\/wp\/v2\/pages\/10043","targetHints":{"allow":["GET"]}}],"collection":[{"href":"https:\/\/kns.dk\/en\/wp-json\/wp\/v2\/pages"}],"about":[{"href":"https:\/\/kns.dk\/en\/wp-json\/wp\/v2\/types\/page"}],"author":[{"embeddable":true,"href":"https:\/\/kns.dk\/en\/wp-json\/wp\/v2\/users\/1"}],"replies":[{"embeddable":true,"href":"https:\/\/kns.dk\/en\/wp-json\/wp\/v2\/comments?post=10043"}],"version-history":[{"count":1,"href":"https:\/\/kns.dk\/en\/wp-json\/wp\/v2\/pages\/10043\/revisions"}],"predecessor-version":[{"id":10044,"href":"https:\/\/kns.dk\/en\/wp-json\/wp\/v2\/pages\/10043\/revisions\/10044"}],"up":[{"embeddable":true,"href":"https:\/\/kns.dk\/en\/wp-json\/wp\/v2\/pages\/10033"}],"wp:featuredmedia":[{"embeddable":true,"href":"https:\/\/kns.dk\/en\/wp-json\/wp\/v2\/media\/9994"}],"wp:attachment":[{"href":"https:\/\/kns.dk\/en\/wp-json\/wp\/v2\/media?parent=10043"}],"wp:term":[{"taxonomy":"category","embeddable":true,"href":"https:\/\/kns.dk\/en\/wp-json\/wp\/v2\/categories?post=10043"}],"curies":[{"name":"wp","href":"https:\/\/api.w.org\/{rel}","templated":true}]}}