{"id":10037,"date":"2025-07-31T12:56:02","date_gmt":"2025-07-31T10:56:02","guid":{"rendered":"https:\/\/kns.dk\/robotics\/"},"modified":"2026-01-20T08:24:40","modified_gmt":"2026-01-20T07:24:40","slug":"robotics","status":"publish","type":"page","link":"https:\/\/kns.dk\/en\/skills\/robotics\/","title":{"rendered":"Robotics"},"content":{"rendered":"\t\t<div data-elementor-type=\"wp-page\" data-elementor-id=\"10037\" class=\"elementor elementor-10037 elementor-9646\" data-elementor-post-type=\"page\">\n\t\t\t\t<div class=\"elementor-element elementor-element-c315653 e-con-full no-padding e-flex e-con e-parent\" data-id=\"c315653\" data-element_type=\"container\">\n\t\t\t\t<div class=\"elementor-element elementor-element-73288cbc elementor-widget elementor-widget-template\" data-id=\"73288cbc\" data-element_type=\"widget\" data-widget_type=\"template.default\">\n\t\t\t\t<div class=\"elementor-widget-container\">\n\t\t\t\t\t\t\t<div class=\"elementor-template\">\n\t\t\t\t\t<div data-elementor-type=\"container\" data-elementor-id=\"6563\" class=\"elementor elementor-6563\" data-elementor-post-type=\"elementor_library\">\n\t\t\t\t<div class=\"elementor-element elementor-element-6b499f1f e-con-full no-padding e-flex e-con e-parent\" data-id=\"6b499f1f\" data-element_type=\"container\">\n\t\t\t\t<div class=\"elementor-element elementor-element-1ecbb66 elementor-widget elementor-widget-template\" data-id=\"1ecbb66\" data-element_type=\"widget\" data-widget_type=\"template.default\">\n\t\t\t\t<div class=\"elementor-widget-container\">\n\t\t\t\t\t\t\t<div class=\"elementor-template\">\n\t\t\t\t\t<div data-elementor-type=\"container\" data-elementor-id=\"6542\" class=\"elementor elementor-6542\" data-elementor-post-type=\"elementor_library\">\n\t\t\t\t<div class=\"elementor-element elementor-element-2bc4b5ab white e-flex e-con-boxed e-con e-parent\" data-id=\"2bc4b5ab\" data-element_type=\"container\" data-settings=\"{&quot;background_background&quot;:&quot;classic&quot;}\">\n\t\t\t\t\t<div class=\"e-con-inner\">\n\t\t\t\t<div class=\"elementor-element elementor-element-1d645c29 elementor-icon-list--layout-inline elementor-align-center elementor-list-item-link-full_width elementor-widget elementor-widget-icon-list\" data-id=\"1d645c29\" data-element_type=\"widget\" data-widget_type=\"icon-list.default\">\n\t\t\t\t<div class=\"elementor-widget-container\">\n\t\t\t\t\t\t\t<ul class=\"elementor-icon-list-items elementor-inline-items\">\n\t\t\t\t\t\t\t<li class=\"elementor-icon-list-item elementor-inline-item\">\n\t\t\t\t\t\t\t\t\t\t<span class=\"elementor-icon-list-text\"><a href=\"tel:+45 4447 4411\" aria-label=\"Telefon nummer\">+45 4447 4411<\/a><\/span>\n\t\t\t\t\t\t\t\t\t<\/li>\n\t\t\t\t\t\t\t\t<li class=\"elementor-icon-list-item elementor-inline-item\">\n\t\t\t\t\t\t\t\t\t\t<span class=\"elementor-icon-list-text\"><a href=\"mailto:kns@kns.dk\" aria-label=\"Email adresse\">kns@kns.dk<\/a><\/span>\n\t\t\t\t\t\t\t\t\t<\/li>\n\t\t\t\t\t\t<\/ul>\n\t\t\t\t\t\t<\/div>\n\t\t\t\t<\/div>\n\t\t\t\t\t<\/div>\n\t\t\t\t<\/div>\n\t\t\t\t<\/div>\n\t\t\t\t<\/div>\n\t\t\t\t\t\t<\/div>\n\t\t\t\t<\/div>\n\t\t\t\t<\/div>\n\t\t\t\t<\/div>\n\t\t\t\t<\/div>\n\t\t\t\t\t\t<\/div>\n\t\t\t\t<\/div>\n\t\t\t\t<\/div>\n\t\t<div class=\"elementor-element elementor-element-6af6c983 e-flex e-con-boxed e-con e-parent\" data-id=\"6af6c983\" data-element_type=\"container\">\n\t\t\t\t\t<div class=\"e-con-inner\">\n\t\t<div class=\"elementor-element elementor-element-3f9084a5 e-con-full e-flex e-con e-child\" data-id=\"3f9084a5\" data-element_type=\"container\">\n\t\t\t\t<div class=\"elementor-element elementor-element-17a75f0c elementor-widget elementor-widget-text-editor\" data-id=\"17a75f0c\" data-element_type=\"widget\" data-widget_type=\"text-editor.default\">\n\t\t\t\t<div class=\"elementor-widget-container\">\n\t\t\t\t\t\t\t\t\t<h2 aria-level=\"2\">Efficient production with modern robotics<\/h2><p>With our new robotics technology, we are able to optimize our prices and increase quantity and flexibility.<\/p>\t\t\t\t\t\t\t\t<\/div>\n\t\t\t\t<\/div>\n\t\t\t\t<\/div>\n\t\t<div class=\"elementor-element elementor-element-4f5a8d18 e-con-full no-padding e-flex e-con e-child\" data-id=\"4f5a8d18\" data-element_type=\"container\">\n\t\t\t\t<div class=\"elementor-element elementor-element-cbb1af8 elementor-widget elementor-widget-template\" data-id=\"cbb1af8\" data-element_type=\"widget\" data-widget_type=\"template.default\">\n\t\t\t\t<div class=\"elementor-widget-container\">\n\t\t\t\t\t\t\t<div class=\"elementor-template\">\n\t\t\t\t\t<div data-elementor-type=\"container\" data-elementor-id=\"9596\" class=\"elementor elementor-9596\" data-elementor-post-type=\"elementor_library\">\n\t\t\t\t<div class=\"elementor-element elementor-element-417fc5d7 e-con-full e-flex e-con e-child\" data-id=\"417fc5d7\" data-element_type=\"container\">\n\t\t<div class=\"elementor-element elementor-element-7149a8bf e-con-full accent e-flex e-con e-child\" data-id=\"7149a8bf\" data-element_type=\"container\" data-settings=\"{&quot;background_background&quot;:&quot;classic&quot;}\">\n\t\t\t\t<div class=\"elementor-element elementor-element-514e206f elementor-widget elementor-widget-text-editor\" data-id=\"514e206f\" data-element_type=\"widget\" data-widget_type=\"text-editor.default\">\n\t\t\t\t<div class=\"elementor-widget-container\">\n\t\t\t\t\t\t\t\t\t<h3>Har du sp\u00f8rgsm\u00e5l eller \u00f8nsker du et uforpligtende tilbud?<\/h3><p>Kontakt Kaj Nielsen &#038; S\u00f8n Maskinfabrik A\/S allerede i dag for kompetent sparring og r\u00e5dgivning.<\/p>\t\t\t\t\t\t\t\t<\/div>\n\t\t\t\t<\/div>\n\t\t\t\t<div class=\"elementor-element elementor-element-660c60b2 elementor-widget elementor-widget-shortcode\" data-id=\"660c60b2\" data-element_type=\"widget\" data-widget_type=\"shortcode.default\">\n\t\t\t\t<div class=\"elementor-widget-container\">\n\t\t\t\t\t\t\t<div class=\"elementor-shortcode\"><form id=\"forminator-module-66\" class=\"forminator-custom-form forminator-custom-form-66\" method=\"post\" data-forminator-render=\"0\" data-uid=\"69f1c94a53e47\"><div role=\"alert\" aria-live=\"polite\" class=\"forminator-response-message forminator-error\" aria-hidden=\"true\"><\/div><\/form><\/div>\n\t\t\t\t\t\t<\/div>\n\t\t\t\t<\/div>\n\t\t\t\t<\/div>\n\t\t\t\t<\/div>\n\t\t\t\t<\/div>\n\t\t\t\t<\/div>\n\t\t\t\t\t\t<\/div>\n\t\t\t\t<\/div>\n\t\t\t\t<\/div>\n\t\t\t\t\t<\/div>\n\t\t\t\t<\/div>\n\t\t<div class=\"elementor-element elementor-element-1d04ea3 light e-flex e-con-boxed e-con e-parent\" data-id=\"1d04ea3\" data-element_type=\"container\">\n\t\t\t\t\t<div class=\"e-con-inner\">\n\t\t<div class=\"elementor-element elementor-element-b7ad26c e-con-full e-flex e-con e-child\" data-id=\"b7ad26c\" data-element_type=\"container\">\n\t\t\t\t<div class=\"elementor-element elementor-element-f355a5b elementor-widget elementor-widget-video\" data-id=\"f355a5b\" data-element_type=\"widget\" data-settings=\"{&quot;youtube_url&quot;:&quot;https:\\\/\\\/www.youtube.com\\\/watch?v=XHOmBV4js_E&quot;,&quot;video_type&quot;:&quot;youtube&quot;,&quot;controls&quot;:&quot;yes&quot;}\" data-widget_type=\"video.default\">\n\t\t\t\t<div class=\"elementor-widget-container\">\n\t\t\t\t\t\t\t<div class=\"elementor-wrapper elementor-open-inline\">\n\t\t\t<div class=\"elementor-video\"><\/div>\t\t<\/div>\n\t\t\t\t\t\t<\/div>\n\t\t\t\t<\/div>\n\t\t\t\t<\/div>\n\t\t\t\t\t<\/div>\n\t\t\t\t<\/div>\n\t\t\t\t<\/div>\n\t\t","protected":false},"excerpt":{"rendered":"<p>Efficient production with modern robotics With our new robotics technology, we are able to optimize our prices and increase quantity and flexibility. https:\/\/www.youtube.com\/watch?v=XHOmBV4js_E<\/p>\n","protected":false},"author":1,"featured_media":9946,"parent":10055,"menu_order":0,"comment_status":"closed","ping_status":"closed","template":"","meta":{"_acf_changed":false,"footnotes":""},"categories":[],"class_list":["post-10037","page","type-page","status-publish","has-post-thumbnail"],"acf":[],"yoast_head":"<!-- This site is optimized with the Yoast SEO plugin v27.5 - https:\/\/yoast.com\/product\/yoast-seo-wordpress\/ -->\n<title>ROBOTICS | KAJ NIELSEN &amp; S\u00d8N MASKINFABRIK A\/S<\/title>\n<meta name=\"description\" content=\"ROBOTICS | KAJ NIELSEN &amp; S\u00d8N MASKINFABRIK A\/S\" \/>\n<meta name=\"robots\" content=\"index, follow, max-snippet:-1, max-image-preview:large, max-video-preview:-1\" \/>\n<link rel=\"canonical\" href=\"https:\/\/kns.dk\/en\/skills\/robotics\/\" \/>\n<meta property=\"og:locale\" content=\"en_US\" \/>\n<meta property=\"og:type\" content=\"article\" \/>\n<meta property=\"og:title\" content=\"ROBOTICS | KAJ NIELSEN &amp; S\u00d8N MASKINFABRIK A\/S\" \/>\n<meta property=\"og:description\" content=\"ROBOTICS | KAJ NIELSEN &amp; S\u00d8N MASKINFABRIK A\/S\" \/>\n<meta property=\"og:url\" content=\"https:\/\/kns.dk\/en\/skills\/robotics\/\" \/>\n<meta property=\"og:site_name\" content=\"Kaj Nielsen &amp; S\u00f8n Maskinfabrik A\/S\" \/>\n<meta property=\"article:modified_time\" content=\"2026-01-20T07:24:40+00:00\" \/>\n<meta property=\"og:image\" content=\"https:\/\/kns.dk\/wp-content\/uploads\/2025\/07\/KNS-Robotcelle_022.jpg\" \/>\n\t<meta property=\"og:image:width\" content=\"2043\" \/>\n\t<meta property=\"og:image:height\" content=\"1239\" \/>\n\t<meta property=\"og:image:type\" content=\"image\/jpeg\" \/>\n<meta name=\"twitter:card\" content=\"summary_large_image\" \/>\n<script type=\"application\/ld+json\" class=\"yoast-schema-graph\">{\"@context\":\"https:\\\/\\\/schema.org\",\"@graph\":[{\"@type\":\"WebPage\",\"@id\":\"https:\\\/\\\/kns.dk\\\/en\\\/skills\\\/robotics\\\/\",\"url\":\"https:\\\/\\\/kns.dk\\\/en\\\/skills\\\/robotics\\\/\",\"name\":\"ROBOTICS | KAJ NIELSEN & S\u00d8N MASKINFABRIK A\\\/S\",\"isPartOf\":{\"@id\":\"https:\\\/\\\/kns.dk\\\/en\\\/#website\"},\"primaryImageOfPage\":{\"@id\":\"https:\\\/\\\/kns.dk\\\/en\\\/skills\\\/robotics\\\/#primaryimage\"},\"image\":{\"@id\":\"https:\\\/\\\/kns.dk\\\/en\\\/skills\\\/robotics\\\/#primaryimage\"},\"thumbnailUrl\":\"https:\\\/\\\/kns.dk\\\/wp-content\\\/uploads\\\/2025\\\/07\\\/KNS-Robotcelle_022.jpg\",\"datePublished\":\"2025-07-31T10:56:02+00:00\",\"dateModified\":\"2026-01-20T07:24:40+00:00\",\"description\":\"ROBOTICS | KAJ NIELSEN & S\u00d8N MASKINFABRIK A\\\/S\",\"breadcrumb\":{\"@id\":\"https:\\\/\\\/kns.dk\\\/en\\\/skills\\\/robotics\\\/#breadcrumb\"},\"inLanguage\":\"en-US\",\"potentialAction\":[{\"@type\":\"ReadAction\",\"target\":[\"https:\\\/\\\/kns.dk\\\/en\\\/skills\\\/robotics\\\/\"]}]},{\"@type\":\"ImageObject\",\"inLanguage\":\"en-US\",\"@id\":\"https:\\\/\\\/kns.dk\\\/en\\\/skills\\\/robotics\\\/#primaryimage\",\"url\":\"https:\\\/\\\/kns.dk\\\/wp-content\\\/uploads\\\/2025\\\/07\\\/KNS-Robotcelle_022.jpg\",\"contentUrl\":\"https:\\\/\\\/kns.dk\\\/wp-content\\\/uploads\\\/2025\\\/07\\\/KNS-Robotcelle_022.jpg\",\"width\":2043,\"height\":1239},{\"@type\":\"BreadcrumbList\",\"@id\":\"https:\\\/\\\/kns.dk\\\/en\\\/skills\\\/robotics\\\/#breadcrumb\",\"itemListElement\":[{\"@type\":\"ListItem\",\"position\":1,\"name\":\"Forside\",\"item\":\"https:\\\/\\\/kns.dk\\\/en\\\/front-page\\\/\"},{\"@type\":\"ListItem\",\"position\":2,\"name\":\"Skills\",\"item\":\"https:\\\/\\\/kns.dk\\\/en\\\/skills\\\/\"},{\"@type\":\"ListItem\",\"position\":3,\"name\":\"Robotics\"}]},{\"@type\":\"WebSite\",\"@id\":\"https:\\\/\\\/kns.dk\\\/en\\\/#website\",\"url\":\"https:\\\/\\\/kns.dk\\\/en\\\/\",\"name\":\"Kaj Nielsen &amp; S\u00f8n Maskinfabrik A\\\/S\",\"description\":\"Maskinfabrik med speciall\u00f8sninger \u2013 fra prototyper til f\u00e6rdige units\",\"publisher\":{\"@id\":\"https:\\\/\\\/kns.dk\\\/en\\\/#organization\"},\"potentialAction\":[{\"@type\":\"SearchAction\",\"target\":{\"@type\":\"EntryPoint\",\"urlTemplate\":\"https:\\\/\\\/kns.dk\\\/en\\\/?s={search_term_string}\"},\"query-input\":{\"@type\":\"PropertyValueSpecification\",\"valueRequired\":true,\"valueName\":\"search_term_string\"}}],\"inLanguage\":\"en-US\"},{\"@type\":\"Organization\",\"@id\":\"https:\\\/\\\/kns.dk\\\/en\\\/#organization\",\"name\":\"Kaj Nielsen &amp; S\u00f8n Maskinfabrik A\\\/S\",\"url\":\"https:\\\/\\\/kns.dk\\\/en\\\/\",\"logo\":{\"@type\":\"ImageObject\",\"inLanguage\":\"en-US\",\"@id\":\"https:\\\/\\\/kns.dk\\\/en\\\/#\\\/schema\\\/logo\\\/image\\\/\",\"url\":\"https:\\\/\\\/kns.dk\\\/wp-content\\\/uploads\\\/2025\\\/07\\\/KNS-Logo-med-groen-tekst.png\",\"contentUrl\":\"https:\\\/\\\/kns.dk\\\/wp-content\\\/uploads\\\/2025\\\/07\\\/KNS-Logo-med-groen-tekst.png\",\"width\":996,\"height\":223,\"caption\":\"Kaj Nielsen &amp; S\u00f8n Maskinfabrik A\\\/S\"},\"image\":{\"@id\":\"https:\\\/\\\/kns.dk\\\/en\\\/#\\\/schema\\\/logo\\\/image\\\/\"}}]}<\/script>\n<!-- \/ Yoast SEO plugin. -->","yoast_head_json":{"title":"ROBOTICS | KAJ NIELSEN & S\u00d8N MASKINFABRIK A\/S","description":"ROBOTICS | KAJ NIELSEN & S\u00d8N MASKINFABRIK A\/S","robots":{"index":"index","follow":"follow","max-snippet":"max-snippet:-1","max-image-preview":"max-image-preview:large","max-video-preview":"max-video-preview:-1"},"canonical":"https:\/\/kns.dk\/en\/skills\/robotics\/","og_locale":"en_US","og_type":"article","og_title":"ROBOTICS | KAJ NIELSEN & S\u00d8N MASKINFABRIK A\/S","og_description":"ROBOTICS | KAJ NIELSEN & S\u00d8N MASKINFABRIK A\/S","og_url":"https:\/\/kns.dk\/en\/skills\/robotics\/","og_site_name":"Kaj Nielsen &amp; S\u00f8n Maskinfabrik A\/S","article_modified_time":"2026-01-20T07:24:40+00:00","og_image":[{"width":2043,"height":1239,"url":"https:\/\/kns.dk\/wp-content\/uploads\/2025\/07\/KNS-Robotcelle_022.jpg","type":"image\/jpeg"}],"twitter_card":"summary_large_image","schema":{"@context":"https:\/\/schema.org","@graph":[{"@type":"WebPage","@id":"https:\/\/kns.dk\/en\/skills\/robotics\/","url":"https:\/\/kns.dk\/en\/skills\/robotics\/","name":"ROBOTICS | KAJ NIELSEN & S\u00d8N MASKINFABRIK A\/S","isPartOf":{"@id":"https:\/\/kns.dk\/en\/#website"},"primaryImageOfPage":{"@id":"https:\/\/kns.dk\/en\/skills\/robotics\/#primaryimage"},"image":{"@id":"https:\/\/kns.dk\/en\/skills\/robotics\/#primaryimage"},"thumbnailUrl":"https:\/\/kns.dk\/wp-content\/uploads\/2025\/07\/KNS-Robotcelle_022.jpg","datePublished":"2025-07-31T10:56:02+00:00","dateModified":"2026-01-20T07:24:40+00:00","description":"ROBOTICS | KAJ NIELSEN & S\u00d8N MASKINFABRIK A\/S","breadcrumb":{"@id":"https:\/\/kns.dk\/en\/skills\/robotics\/#breadcrumb"},"inLanguage":"en-US","potentialAction":[{"@type":"ReadAction","target":["https:\/\/kns.dk\/en\/skills\/robotics\/"]}]},{"@type":"ImageObject","inLanguage":"en-US","@id":"https:\/\/kns.dk\/en\/skills\/robotics\/#primaryimage","url":"https:\/\/kns.dk\/wp-content\/uploads\/2025\/07\/KNS-Robotcelle_022.jpg","contentUrl":"https:\/\/kns.dk\/wp-content\/uploads\/2025\/07\/KNS-Robotcelle_022.jpg","width":2043,"height":1239},{"@type":"BreadcrumbList","@id":"https:\/\/kns.dk\/en\/skills\/robotics\/#breadcrumb","itemListElement":[{"@type":"ListItem","position":1,"name":"Forside","item":"https:\/\/kns.dk\/en\/front-page\/"},{"@type":"ListItem","position":2,"name":"Skills","item":"https:\/\/kns.dk\/en\/skills\/"},{"@type":"ListItem","position":3,"name":"Robotics"}]},{"@type":"WebSite","@id":"https:\/\/kns.dk\/en\/#website","url":"https:\/\/kns.dk\/en\/","name":"Kaj Nielsen &amp; S\u00f8n Maskinfabrik A\/S","description":"Maskinfabrik med speciall\u00f8sninger \u2013 fra prototyper til f\u00e6rdige units","publisher":{"@id":"https:\/\/kns.dk\/en\/#organization"},"potentialAction":[{"@type":"SearchAction","target":{"@type":"EntryPoint","urlTemplate":"https:\/\/kns.dk\/en\/?s={search_term_string}"},"query-input":{"@type":"PropertyValueSpecification","valueRequired":true,"valueName":"search_term_string"}}],"inLanguage":"en-US"},{"@type":"Organization","@id":"https:\/\/kns.dk\/en\/#organization","name":"Kaj Nielsen &amp; S\u00f8n Maskinfabrik A\/S","url":"https:\/\/kns.dk\/en\/","logo":{"@type":"ImageObject","inLanguage":"en-US","@id":"https:\/\/kns.dk\/en\/#\/schema\/logo\/image\/","url":"https:\/\/kns.dk\/wp-content\/uploads\/2025\/07\/KNS-Logo-med-groen-tekst.png","contentUrl":"https:\/\/kns.dk\/wp-content\/uploads\/2025\/07\/KNS-Logo-med-groen-tekst.png","width":996,"height":223,"caption":"Kaj Nielsen &amp; S\u00f8n Maskinfabrik A\/S"},"image":{"@id":"https:\/\/kns.dk\/en\/#\/schema\/logo\/image\/"}}]}},"_links":{"self":[{"href":"https:\/\/kns.dk\/en\/wp-json\/wp\/v2\/pages\/10037","targetHints":{"allow":["GET"]}}],"collection":[{"href":"https:\/\/kns.dk\/en\/wp-json\/wp\/v2\/pages"}],"about":[{"href":"https:\/\/kns.dk\/en\/wp-json\/wp\/v2\/types\/page"}],"author":[{"embeddable":true,"href":"https:\/\/kns.dk\/en\/wp-json\/wp\/v2\/users\/1"}],"replies":[{"embeddable":true,"href":"https:\/\/kns.dk\/en\/wp-json\/wp\/v2\/comments?post=10037"}],"version-history":[{"count":1,"href":"https:\/\/kns.dk\/en\/wp-json\/wp\/v2\/pages\/10037\/revisions"}],"predecessor-version":[{"id":10038,"href":"https:\/\/kns.dk\/en\/wp-json\/wp\/v2\/pages\/10037\/revisions\/10038"}],"up":[{"embeddable":true,"href":"https:\/\/kns.dk\/en\/wp-json\/wp\/v2\/pages\/10055"}],"wp:featuredmedia":[{"embeddable":true,"href":"https:\/\/kns.dk\/en\/wp-json\/wp\/v2\/media\/9946"}],"wp:attachment":[{"href":"https:\/\/kns.dk\/en\/wp-json\/wp\/v2\/media?parent=10037"}],"wp:term":[{"taxonomy":"category","embeddable":true,"href":"https:\/\/kns.dk\/en\/wp-json\/wp\/v2\/categories?post=10037"}],"curies":[{"name":"wp","href":"https:\/\/api.w.org\/{rel}","templated":true}]}}