{"id":10023,"date":"2025-07-31T12:57:22","date_gmt":"2025-07-31T10:57:22","guid":{"rendered":"https:\/\/kns.dk\/manual-processing\/cylindrical-grinding-machines\/"},"modified":"2026-01-20T08:20:18","modified_gmt":"2026-01-20T07:20:18","slug":"cylindrical-grinding-machines","status":"publish","type":"page","link":"https:\/\/kns.dk\/en\/machine-list\/manual-processing\/cylindrical-grinding-machines\/","title":{"rendered":"Cylindrical grinding machines"},"content":{"rendered":"\t\t<div data-elementor-type=\"wp-page\" data-elementor-id=\"10023\" class=\"elementor elementor-10023 elementor-9672\" data-elementor-post-type=\"page\">\n\t\t\t\t<div class=\"elementor-element elementor-element-c315653 e-con-full no-padding e-flex e-con e-parent\" data-id=\"c315653\" data-element_type=\"container\">\n\t\t\t\t<div class=\"elementor-element elementor-element-73288cbc elementor-widget elementor-widget-template\" data-id=\"73288cbc\" data-element_type=\"widget\" data-widget_type=\"template.default\">\n\t\t\t\t<div class=\"elementor-widget-container\">\n\t\t\t\t\t\t\t<div class=\"elementor-template\">\n\t\t\t\t\t<div data-elementor-type=\"container\" data-elementor-id=\"6563\" class=\"elementor elementor-6563\" data-elementor-post-type=\"elementor_library\">\n\t\t\t\t<div class=\"elementor-element elementor-element-6b499f1f e-con-full no-padding e-flex e-con e-parent\" data-id=\"6b499f1f\" data-element_type=\"container\">\n\t\t\t\t<div class=\"elementor-element elementor-element-1ecbb66 elementor-widget elementor-widget-template\" data-id=\"1ecbb66\" data-element_type=\"widget\" data-widget_type=\"template.default\">\n\t\t\t\t<div class=\"elementor-widget-container\">\n\t\t\t\t\t\t\t<div class=\"elementor-template\">\n\t\t\t\t\t<div data-elementor-type=\"container\" data-elementor-id=\"6542\" class=\"elementor elementor-6542\" data-elementor-post-type=\"elementor_library\">\n\t\t\t\t<div class=\"elementor-element elementor-element-2bc4b5ab white e-flex e-con-boxed e-con e-parent\" data-id=\"2bc4b5ab\" data-element_type=\"container\" data-settings=\"{&quot;background_background&quot;:&quot;classic&quot;}\">\n\t\t\t\t\t<div class=\"e-con-inner\">\n\t\t\t\t<div class=\"elementor-element elementor-element-1d645c29 elementor-icon-list--layout-inline elementor-align-center elementor-list-item-link-full_width elementor-widget elementor-widget-icon-list\" data-id=\"1d645c29\" data-element_type=\"widget\" data-widget_type=\"icon-list.default\">\n\t\t\t\t<div class=\"elementor-widget-container\">\n\t\t\t\t\t\t\t<ul class=\"elementor-icon-list-items elementor-inline-items\">\n\t\t\t\t\t\t\t<li class=\"elementor-icon-list-item elementor-inline-item\">\n\t\t\t\t\t\t\t\t\t\t<span class=\"elementor-icon-list-text\"><a href=\"tel:+45 4447 4411\" aria-label=\"Telefon nummer\">+45 4447 4411<\/a><\/span>\n\t\t\t\t\t\t\t\t\t<\/li>\n\t\t\t\t\t\t\t\t<li class=\"elementor-icon-list-item elementor-inline-item\">\n\t\t\t\t\t\t\t\t\t\t<span class=\"elementor-icon-list-text\"><a href=\"mailto:kns@kns.dk\" aria-label=\"Email adresse\">kns@kns.dk<\/a><\/span>\n\t\t\t\t\t\t\t\t\t<\/li>\n\t\t\t\t\t\t<\/ul>\n\t\t\t\t\t\t<\/div>\n\t\t\t\t<\/div>\n\t\t\t\t\t<\/div>\n\t\t\t\t<\/div>\n\t\t\t\t<\/div>\n\t\t\t\t<\/div>\n\t\t\t\t\t\t<\/div>\n\t\t\t\t<\/div>\n\t\t\t\t<\/div>\n\t\t\t\t<\/div>\n\t\t\t\t<\/div>\n\t\t\t\t\t\t<\/div>\n\t\t\t\t<\/div>\n\t\t\t\t<\/div>\n\t\t<div class=\"elementor-element elementor-element-6af6c983 e-flex e-con-boxed e-con e-parent\" data-id=\"6af6c983\" data-element_type=\"container\">\n\t\t\t\t\t<div class=\"e-con-inner\">\n\t\t<div class=\"elementor-element elementor-element-3f9084a5 e-con-full e-flex e-con e-child\" data-id=\"3f9084a5\" data-element_type=\"container\">\n\t\t\t\t<div class=\"elementor-element elementor-element-17a75f0c elementor-widget elementor-widget-text-editor\" data-id=\"17a75f0c\" data-element_type=\"widget\" data-widget_type=\"text-editor.default\">\n\t\t\t\t<div class=\"elementor-widget-container\">\n\t\t\t\t\t\t\t\t\t<h2>Our cylindrical grinding machines<\/h2>\t\t\t\t\t\t\t\t<\/div>\n\t\t\t\t<\/div>\n\t\t\t\t<div class=\"elementor-element elementor-element-1169b82 elementor-widget elementor-widget-html\" data-id=\"1169b82\" data-element_type=\"widget\" data-widget_type=\"html.default\">\n\t\t\t\t<div class=\"elementor-widget-container\">\n\t\t\t\t\t<table class=\"rundslibemaskiner-tabel\"><thead><tr><th><strong>Rundslibemaskiner<\/strong><\/th><th><strong>Kapacitet<\/strong><\/th><\/tr><\/thead><tbody><tr><td>BHU 25<\/td><td>\u00d8 280 x 1000<br\/>Hulslibning \u00d8 200 x 300<br\/>Med Marposs m\u00e5leudstyrsanordning\r\n      <\/td><\/tr><tr><td>BHU 40<\/td><td>\u00d8 420 x 2200<br\/>Hulslibning \u00d8 350 x 400<br\/>Med Marposs m\u00e5leudstyrsanordning\r\n      <\/td><\/tr><\/tbody><\/table><style>.rundslibemaskiner-tabel {\r\n  width: 100%;\r\n  border-collapse: collapse;\r\n}\r\n\r\n.rundslibemaskiner-tabel thead {\r\n  text-align: left;\r\n  background-color: var(--light);\r\n}\r\n\r\n.rundslibemaskiner-tabel th,\r\n.rundslibemaskiner-tabel td {\r\n  padding: 8px;\r\n  vertical-align: top;\r\n  border-bottom: 1px solid #ddd;\r\n}\r\n\r\n<\/style>\t\t\t\t<\/div>\n\t\t\t\t<\/div>\n\t\t\t\t<\/div>\n\t\t<div class=\"elementor-element elementor-element-4f5a8d18 e-con-full no-padding e-flex e-con e-child\" data-id=\"4f5a8d18\" data-element_type=\"container\">\n\t\t\t\t<div class=\"elementor-element elementor-element-cbb1af8 elementor-widget elementor-widget-template\" data-id=\"cbb1af8\" data-element_type=\"widget\" data-widget_type=\"template.default\">\n\t\t\t\t<div class=\"elementor-widget-container\">\n\t\t\t\t\t\t\t<div class=\"elementor-template\">\n\t\t\t\t\t<div data-elementor-type=\"container\" data-elementor-id=\"9596\" class=\"elementor elementor-9596\" data-elementor-post-type=\"elementor_library\">\n\t\t\t\t<div class=\"elementor-element elementor-element-417fc5d7 e-con-full e-flex e-con e-child\" data-id=\"417fc5d7\" data-element_type=\"container\">\n\t\t<div class=\"elementor-element elementor-element-7149a8bf e-con-full accent e-flex e-con e-child\" data-id=\"7149a8bf\" data-element_type=\"container\" data-settings=\"{&quot;background_background&quot;:&quot;classic&quot;}\">\n\t\t\t\t<div class=\"elementor-element elementor-element-514e206f elementor-widget elementor-widget-text-editor\" data-id=\"514e206f\" data-element_type=\"widget\" data-widget_type=\"text-editor.default\">\n\t\t\t\t<div class=\"elementor-widget-container\">\n\t\t\t\t\t\t\t\t\t<h3>Har du sp\u00f8rgsm\u00e5l eller \u00f8nsker du et uforpligtende tilbud?<\/h3><p>Kontakt Kaj Nielsen &#038; S\u00f8n Maskinfabrik A\/S allerede i dag for kompetent sparring og r\u00e5dgivning.<\/p>\t\t\t\t\t\t\t\t<\/div>\n\t\t\t\t<\/div>\n\t\t\t\t<div class=\"elementor-element elementor-element-660c60b2 elementor-widget elementor-widget-shortcode\" data-id=\"660c60b2\" data-element_type=\"widget\" data-widget_type=\"shortcode.default\">\n\t\t\t\t<div class=\"elementor-widget-container\">\n\t\t\t\t\t\t\t<div class=\"elementor-shortcode\"><form id=\"forminator-module-66\" class=\"forminator-custom-form forminator-custom-form-66\" method=\"post\" data-forminator-render=\"0\" data-uid=\"69f1adafc0b37\"><div role=\"alert\" aria-live=\"polite\" class=\"forminator-response-message forminator-error\" aria-hidden=\"true\"><\/div><\/form><\/div>\n\t\t\t\t\t\t<\/div>\n\t\t\t\t<\/div>\n\t\t\t\t<\/div>\n\t\t\t\t<\/div>\n\t\t\t\t<\/div>\n\t\t\t\t<\/div>\n\t\t\t\t\t\t<\/div>\n\t\t\t\t<\/div>\n\t\t\t\t<\/div>\n\t\t\t\t\t<\/div>\n\t\t\t\t<\/div>\n\t\t\t\t<\/div>\n\t\t","protected":false},"excerpt":{"rendered":"<p>Our cylindrical grinding machines Rundslibemaskiner Kapacitet BHU 25 \u00d8 280 x 1000Hulslibning \u00d8 200 x 300Med Marposs m\u00e5leudstyrsanordning BHU 40 \u00d8 420 x 2200Hulslibning \u00d8 350 x 400Med Marposs m\u00e5leudstyrsanordning<\/p>\n","protected":false},"author":1,"featured_media":9956,"parent":10013,"menu_order":0,"comment_status":"closed","ping_status":"closed","template":"","meta":{"_acf_changed":false,"footnotes":""},"categories":[],"class_list":["post-10023","page","type-page","status-publish","has-post-thumbnail"],"acf":[],"yoast_head":"<!-- This site is optimized with the Yoast SEO plugin v27.5 - https:\/\/yoast.com\/product\/yoast-seo-wordpress\/ -->\n<title>CYLINDRICAL GRINDING MACHINES | KAJ NIELSEN &amp; S\u00d8N MASKINFABRIK A\/S<\/title>\n<meta name=\"description\" content=\"CYLINDRICAL GRINDING MACHINES | KAJ NIELSEN &amp; S\u00d8N MASKINFABRIK A\/S\" \/>\n<meta name=\"robots\" content=\"index, follow, max-snippet:-1, max-image-preview:large, max-video-preview:-1\" \/>\n<link rel=\"canonical\" href=\"https:\/\/kns.dk\/en\/machine-list\/manual-processing\/cylindrical-grinding-machines\/\" \/>\n<meta property=\"og:locale\" content=\"en_US\" \/>\n<meta property=\"og:type\" content=\"article\" \/>\n<meta property=\"og:title\" content=\"CYLINDRICAL GRINDING MACHINES | KAJ NIELSEN &amp; S\u00d8N MASKINFABRIK A\/S\" \/>\n<meta property=\"og:description\" content=\"CYLINDRICAL GRINDING MACHINES | KAJ NIELSEN &amp; S\u00d8N MASKINFABRIK A\/S\" \/>\n<meta property=\"og:url\" content=\"https:\/\/kns.dk\/en\/machine-list\/manual-processing\/cylindrical-grinding-machines\/\" \/>\n<meta property=\"og:site_name\" content=\"Kaj Nielsen &amp; S\u00f8n Maskinfabrik A\/S\" \/>\n<meta property=\"article:modified_time\" content=\"2026-01-20T07:20:18+00:00\" \/>\n<meta property=\"og:image\" content=\"https:\/\/kns.dk\/wp-content\/uploads\/2025\/07\/KNS-Rundslibning-SPX_1400x645.jpg\" \/>\n\t<meta property=\"og:image:width\" content=\"1400\" \/>\n\t<meta property=\"og:image:height\" content=\"645\" \/>\n\t<meta property=\"og:image:type\" content=\"image\/jpeg\" \/>\n<meta name=\"twitter:card\" content=\"summary_large_image\" \/>\n<script type=\"application\/ld+json\" class=\"yoast-schema-graph\">{\"@context\":\"https:\\\/\\\/schema.org\",\"@graph\":[{\"@type\":\"WebPage\",\"@id\":\"https:\\\/\\\/kns.dk\\\/en\\\/machine-list\\\/manual-processing\\\/cylindrical-grinding-machines\\\/\",\"url\":\"https:\\\/\\\/kns.dk\\\/en\\\/machine-list\\\/manual-processing\\\/cylindrical-grinding-machines\\\/\",\"name\":\"CYLINDRICAL GRINDING MACHINES | KAJ NIELSEN & S\u00d8N MASKINFABRIK A\\\/S\",\"isPartOf\":{\"@id\":\"https:\\\/\\\/kns.dk\\\/en\\\/#website\"},\"primaryImageOfPage\":{\"@id\":\"https:\\\/\\\/kns.dk\\\/en\\\/machine-list\\\/manual-processing\\\/cylindrical-grinding-machines\\\/#primaryimage\"},\"image\":{\"@id\":\"https:\\\/\\\/kns.dk\\\/en\\\/machine-list\\\/manual-processing\\\/cylindrical-grinding-machines\\\/#primaryimage\"},\"thumbnailUrl\":\"https:\\\/\\\/kns.dk\\\/wp-content\\\/uploads\\\/2025\\\/07\\\/KNS-Rundslibning-SPX_1400x645.jpg\",\"datePublished\":\"2025-07-31T10:57:22+00:00\",\"dateModified\":\"2026-01-20T07:20:18+00:00\",\"description\":\"CYLINDRICAL GRINDING MACHINES | KAJ NIELSEN & S\u00d8N MASKINFABRIK A\\\/S\",\"breadcrumb\":{\"@id\":\"https:\\\/\\\/kns.dk\\\/en\\\/machine-list\\\/manual-processing\\\/cylindrical-grinding-machines\\\/#breadcrumb\"},\"inLanguage\":\"en-US\",\"potentialAction\":[{\"@type\":\"ReadAction\",\"target\":[\"https:\\\/\\\/kns.dk\\\/en\\\/machine-list\\\/manual-processing\\\/cylindrical-grinding-machines\\\/\"]}]},{\"@type\":\"ImageObject\",\"inLanguage\":\"en-US\",\"@id\":\"https:\\\/\\\/kns.dk\\\/en\\\/machine-list\\\/manual-processing\\\/cylindrical-grinding-machines\\\/#primaryimage\",\"url\":\"https:\\\/\\\/kns.dk\\\/wp-content\\\/uploads\\\/2025\\\/07\\\/KNS-Rundslibning-SPX_1400x645.jpg\",\"contentUrl\":\"https:\\\/\\\/kns.dk\\\/wp-content\\\/uploads\\\/2025\\\/07\\\/KNS-Rundslibning-SPX_1400x645.jpg\",\"width\":1400,\"height\":645},{\"@type\":\"BreadcrumbList\",\"@id\":\"https:\\\/\\\/kns.dk\\\/en\\\/machine-list\\\/manual-processing\\\/cylindrical-grinding-machines\\\/#breadcrumb\",\"itemListElement\":[{\"@type\":\"ListItem\",\"position\":1,\"name\":\"Forside\",\"item\":\"https:\\\/\\\/kns.dk\\\/en\\\/front-page\\\/\"},{\"@type\":\"ListItem\",\"position\":2,\"name\":\"Machine list\",\"item\":\"https:\\\/\\\/kns.dk\\\/en\\\/machine-list\\\/\"},{\"@type\":\"ListItem\",\"position\":3,\"name\":\"Manual processing\",\"item\":\"https:\\\/\\\/kns.dk\\\/en\\\/machine-list\\\/manual-processing\\\/\"},{\"@type\":\"ListItem\",\"position\":4,\"name\":\"Cylindrical grinding machines\"}]},{\"@type\":\"WebSite\",\"@id\":\"https:\\\/\\\/kns.dk\\\/en\\\/#website\",\"url\":\"https:\\\/\\\/kns.dk\\\/en\\\/\",\"name\":\"Kaj Nielsen &amp; S\u00f8n Maskinfabrik A\\\/S\",\"description\":\"Maskinfabrik med speciall\u00f8sninger \u2013 fra prototyper til f\u00e6rdige units\",\"publisher\":{\"@id\":\"https:\\\/\\\/kns.dk\\\/en\\\/#organization\"},\"potentialAction\":[{\"@type\":\"SearchAction\",\"target\":{\"@type\":\"EntryPoint\",\"urlTemplate\":\"https:\\\/\\\/kns.dk\\\/en\\\/?s={search_term_string}\"},\"query-input\":{\"@type\":\"PropertyValueSpecification\",\"valueRequired\":true,\"valueName\":\"search_term_string\"}}],\"inLanguage\":\"en-US\"},{\"@type\":\"Organization\",\"@id\":\"https:\\\/\\\/kns.dk\\\/en\\\/#organization\",\"name\":\"Kaj Nielsen &amp; S\u00f8n Maskinfabrik A\\\/S\",\"url\":\"https:\\\/\\\/kns.dk\\\/en\\\/\",\"logo\":{\"@type\":\"ImageObject\",\"inLanguage\":\"en-US\",\"@id\":\"https:\\\/\\\/kns.dk\\\/en\\\/#\\\/schema\\\/logo\\\/image\\\/\",\"url\":\"https:\\\/\\\/kns.dk\\\/wp-content\\\/uploads\\\/2025\\\/07\\\/KNS-Logo-med-groen-tekst.png\",\"contentUrl\":\"https:\\\/\\\/kns.dk\\\/wp-content\\\/uploads\\\/2025\\\/07\\\/KNS-Logo-med-groen-tekst.png\",\"width\":996,\"height\":223,\"caption\":\"Kaj Nielsen &amp; S\u00f8n Maskinfabrik A\\\/S\"},\"image\":{\"@id\":\"https:\\\/\\\/kns.dk\\\/en\\\/#\\\/schema\\\/logo\\\/image\\\/\"}}]}<\/script>\n<!-- \/ Yoast SEO plugin. -->","yoast_head_json":{"title":"CYLINDRICAL GRINDING MACHINES | KAJ NIELSEN & S\u00d8N MASKINFABRIK A\/S","description":"CYLINDRICAL GRINDING MACHINES | KAJ NIELSEN & S\u00d8N MASKINFABRIK A\/S","robots":{"index":"index","follow":"follow","max-snippet":"max-snippet:-1","max-image-preview":"max-image-preview:large","max-video-preview":"max-video-preview:-1"},"canonical":"https:\/\/kns.dk\/en\/machine-list\/manual-processing\/cylindrical-grinding-machines\/","og_locale":"en_US","og_type":"article","og_title":"CYLINDRICAL GRINDING MACHINES | KAJ NIELSEN & S\u00d8N MASKINFABRIK A\/S","og_description":"CYLINDRICAL GRINDING MACHINES | KAJ NIELSEN & S\u00d8N MASKINFABRIK A\/S","og_url":"https:\/\/kns.dk\/en\/machine-list\/manual-processing\/cylindrical-grinding-machines\/","og_site_name":"Kaj Nielsen &amp; S\u00f8n Maskinfabrik A\/S","article_modified_time":"2026-01-20T07:20:18+00:00","og_image":[{"width":1400,"height":645,"url":"https:\/\/kns.dk\/wp-content\/uploads\/2025\/07\/KNS-Rundslibning-SPX_1400x645.jpg","type":"image\/jpeg"}],"twitter_card":"summary_large_image","schema":{"@context":"https:\/\/schema.org","@graph":[{"@type":"WebPage","@id":"https:\/\/kns.dk\/en\/machine-list\/manual-processing\/cylindrical-grinding-machines\/","url":"https:\/\/kns.dk\/en\/machine-list\/manual-processing\/cylindrical-grinding-machines\/","name":"CYLINDRICAL GRINDING MACHINES | KAJ NIELSEN & S\u00d8N MASKINFABRIK A\/S","isPartOf":{"@id":"https:\/\/kns.dk\/en\/#website"},"primaryImageOfPage":{"@id":"https:\/\/kns.dk\/en\/machine-list\/manual-processing\/cylindrical-grinding-machines\/#primaryimage"},"image":{"@id":"https:\/\/kns.dk\/en\/machine-list\/manual-processing\/cylindrical-grinding-machines\/#primaryimage"},"thumbnailUrl":"https:\/\/kns.dk\/wp-content\/uploads\/2025\/07\/KNS-Rundslibning-SPX_1400x645.jpg","datePublished":"2025-07-31T10:57:22+00:00","dateModified":"2026-01-20T07:20:18+00:00","description":"CYLINDRICAL GRINDING MACHINES | KAJ NIELSEN & S\u00d8N MASKINFABRIK A\/S","breadcrumb":{"@id":"https:\/\/kns.dk\/en\/machine-list\/manual-processing\/cylindrical-grinding-machines\/#breadcrumb"},"inLanguage":"en-US","potentialAction":[{"@type":"ReadAction","target":["https:\/\/kns.dk\/en\/machine-list\/manual-processing\/cylindrical-grinding-machines\/"]}]},{"@type":"ImageObject","inLanguage":"en-US","@id":"https:\/\/kns.dk\/en\/machine-list\/manual-processing\/cylindrical-grinding-machines\/#primaryimage","url":"https:\/\/kns.dk\/wp-content\/uploads\/2025\/07\/KNS-Rundslibning-SPX_1400x645.jpg","contentUrl":"https:\/\/kns.dk\/wp-content\/uploads\/2025\/07\/KNS-Rundslibning-SPX_1400x645.jpg","width":1400,"height":645},{"@type":"BreadcrumbList","@id":"https:\/\/kns.dk\/en\/machine-list\/manual-processing\/cylindrical-grinding-machines\/#breadcrumb","itemListElement":[{"@type":"ListItem","position":1,"name":"Forside","item":"https:\/\/kns.dk\/en\/front-page\/"},{"@type":"ListItem","position":2,"name":"Machine list","item":"https:\/\/kns.dk\/en\/machine-list\/"},{"@type":"ListItem","position":3,"name":"Manual processing","item":"https:\/\/kns.dk\/en\/machine-list\/manual-processing\/"},{"@type":"ListItem","position":4,"name":"Cylindrical grinding machines"}]},{"@type":"WebSite","@id":"https:\/\/kns.dk\/en\/#website","url":"https:\/\/kns.dk\/en\/","name":"Kaj Nielsen &amp; S\u00f8n Maskinfabrik A\/S","description":"Maskinfabrik med speciall\u00f8sninger \u2013 fra prototyper til f\u00e6rdige units","publisher":{"@id":"https:\/\/kns.dk\/en\/#organization"},"potentialAction":[{"@type":"SearchAction","target":{"@type":"EntryPoint","urlTemplate":"https:\/\/kns.dk\/en\/?s={search_term_string}"},"query-input":{"@type":"PropertyValueSpecification","valueRequired":true,"valueName":"search_term_string"}}],"inLanguage":"en-US"},{"@type":"Organization","@id":"https:\/\/kns.dk\/en\/#organization","name":"Kaj Nielsen &amp; S\u00f8n Maskinfabrik A\/S","url":"https:\/\/kns.dk\/en\/","logo":{"@type":"ImageObject","inLanguage":"en-US","@id":"https:\/\/kns.dk\/en\/#\/schema\/logo\/image\/","url":"https:\/\/kns.dk\/wp-content\/uploads\/2025\/07\/KNS-Logo-med-groen-tekst.png","contentUrl":"https:\/\/kns.dk\/wp-content\/uploads\/2025\/07\/KNS-Logo-med-groen-tekst.png","width":996,"height":223,"caption":"Kaj Nielsen &amp; S\u00f8n Maskinfabrik A\/S"},"image":{"@id":"https:\/\/kns.dk\/en\/#\/schema\/logo\/image\/"}}]}},"_links":{"self":[{"href":"https:\/\/kns.dk\/en\/wp-json\/wp\/v2\/pages\/10023","targetHints":{"allow":["GET"]}}],"collection":[{"href":"https:\/\/kns.dk\/en\/wp-json\/wp\/v2\/pages"}],"about":[{"href":"https:\/\/kns.dk\/en\/wp-json\/wp\/v2\/types\/page"}],"author":[{"embeddable":true,"href":"https:\/\/kns.dk\/en\/wp-json\/wp\/v2\/users\/1"}],"replies":[{"embeddable":true,"href":"https:\/\/kns.dk\/en\/wp-json\/wp\/v2\/comments?post=10023"}],"version-history":[{"count":1,"href":"https:\/\/kns.dk\/en\/wp-json\/wp\/v2\/pages\/10023\/revisions"}],"predecessor-version":[{"id":10024,"href":"https:\/\/kns.dk\/en\/wp-json\/wp\/v2\/pages\/10023\/revisions\/10024"}],"up":[{"embeddable":true,"href":"https:\/\/kns.dk\/en\/wp-json\/wp\/v2\/pages\/10013"}],"wp:featuredmedia":[{"embeddable":true,"href":"https:\/\/kns.dk\/en\/wp-json\/wp\/v2\/media\/9956"}],"wp:attachment":[{"href":"https:\/\/kns.dk\/en\/wp-json\/wp\/v2\/media?parent=10023"}],"wp:term":[{"taxonomy":"category","embeddable":true,"href":"https:\/\/kns.dk\/en\/wp-json\/wp\/v2\/categories?post=10023"}],"curies":[{"name":"wp","href":"https:\/\/api.w.org\/{rel}","templated":true}]}}